{"id":101,"date":"2014-06-08T11:25:45","date_gmt":"2014-06-08T11:25:45","guid":{"rendered":"http:\/\/www.kalyani.cz\/?page_id=101"},"modified":"2016-02-28T14:03:14","modified_gmt":"2016-02-28T14:03:14","slug":"16-4-2014","status":"publish","type":"page","link":"https:\/\/www.kalyani.cz\/?page_id=101","title":{"rendered":"16.4.2014"},"content":{"rendered":"<p>&nbsp;<\/p>\n<h2 style=\"text-align: center;\"><span style=\"color: #00ccff;\"><strong>Vhled Kalyani k Velk\u00e9mu k\u0159\u00ed\u017ei<\/strong><br \/>\n16. 4. 2014<\/span><\/h2>\n<p style=\"color: #000000;\">V\u00e1\u017een\u00ed,<br \/>\nTentokr\u00e1t jsem k &#8221; m\u00e9mu&#8221; vhledu p\u0159ipojila slova \u010dty\u0159 \u017een &#8211; astrolo\u017ee<img decoding=\"async\" loading=\"lazy\" class=\"ramecek alignright wp-image-43 size-medium\" src=\"http:\/\/www.kalyani.cz\/wp-content\/uploads\/2014\/06\/Kalyani_57-225x300.jpg\" alt=\"Kalyani_57\" width=\"225\" height=\"300\" srcset=\"https:\/\/www.kalyani.cz\/wp-content\/uploads\/2014\/06\/Kalyani_57-225x300.jpg 225w, https:\/\/www.kalyani.cz\/wp-content\/uploads\/2014\/06\/Kalyani_57-768x1024.jpg 768w, https:\/\/www.kalyani.cz\/wp-content\/uploads\/2014\/06\/Kalyani_57-600x800.jpg 600w, https:\/\/www.kalyani.cz\/wp-content\/uploads\/2014\/06\/Kalyani_57.jpg 960w\" sizes=\"(max-width: 225px) 100vw, 225px\" \/>k, jejich\u017e n\u00e1zory se mnou rezonuj\u00ed. A k jejich\u017e textu jsem byla p\u0159ivedena. Nic jsem aktivn\u011b nevyhled\u00e1vala. Nadchl m\u011b jejich zku\u0161enostn\u00ed pohled, jejich slova, kter\u00e1 vyjad\u0159uj\u00ed popis, vhled do ud\u00e1losti<span style=\"color: #00ccff;\"> VELK\u00dd K\u0158\u00cd\u017d, \u00a0kter\u00fd vrchol\u00ed 22. a 23. 4. 2014<\/span><br \/>\nVn\u00edm\u00e1m, \u017ee toto spojeni \u00fahl\u016f pohled\u016f nab\u00edz\u00ed perspektivu, kter\u00e1 ukazuje dostatek mo\u017enost\u00ed,<br \/>\njak B\u00fdt bd\u011ble v tomto D\u011bn\u00ed, kdy je D\u00c1NO .<br \/>\nP\u0159ipojuji se jako p\u00e1t\u00e1 \u017eena,<br \/>\nS vhledem,viz\u00ed, poselstv\u00edm, kter\u00e9 ve m\u011b vyvol\u00e1v\u00e1 velk\u00fd respekt, \u00factu a pokoru.<br \/>\nT\u0159i dni jsem meditovala nad obrazem t\u00e9to ud\u00e1losti, v noci proch\u00e1zela r\u016fzn\u00fdmi \u00farovn\u011bmi.<\/p>\n<p>Na\u0161e planeta proch\u00e1z\u00ed Vzestupem. S N\u00ed i lidstvo. To v\u0161ichni v\u00edme.<br \/>\nCel\u00fd proces se zintenzivnil v \u0159\u00edjnu 2011. Od t\u00e9 doby proch\u00e1z\u00edme &#8221; drobn\u00fdmi kvantov\u00fdmi skoky,&#8221; kter\u00e9 jsou postupn\u00e9, aby to v\u0161e bylo SNESITELN\u00c9.<br \/>\nProb\u00edh\u00e1 VZESTUP PLANETY skrze SESTUP vysok\u00fdch vibrac\u00ed ( Sv\u011btla, Ducha, Pr\u00e1zdna.. To je jedno jak TO nazvat, prost\u011b se TO d\u011bje- Duch vstupuje do hmoty, hlava i ocas Urobora jsou spojeny)<br \/>\nPOSTUPNOST je proto, aby na\u0161e nervov\u00e1 soustava toto vydr\u017eela, aby planeta &#8220;z\u016fstala pohromad\u011b&#8221;. Je to velk\u00e1 milost, kter\u00e1 se nyn\u00ed d\u011bje.<br \/>\nA a\u0165 se n\u00e1m v\u0161em d\u011bje cokoli, receptem na plynul\u00fd postup je jasn\u00e9<br \/>\nANO, NE, D\u011aKUJI, NEVIM. STOP- POT\u0158EBUJI \u010cAS. PROSIM JEMN\u011a.<br \/>\nHlavn\u011b rozhodn\u011b a JASN\u011a.<br \/>\nTo co z v\u00fd\u0161e uveden\u00e9ho neplat\u00ed pro \u00farove\u0148 planet\u00e1rn\u00ed prom\u011bny je STOP- POT\u0158EBUJI \u010cAS.<br \/>\nTen jsme m\u011bli p\u0159edchoz\u00edch 13.000 let.<\/p>\n<p><span style=\"color: #00ccff;\"><strong>Vhled Kalyani:<\/strong><\/span><br \/>\n<em>Nastaven\u00ed planet, tak jak jsou ve Velk\u00e9m k\u0159\u00ed\u017ei, p\u0159inesou pro planet\u00e1rn\u00ed v\u011bdom\u00ed tudi\u017e i pro n\u00e1s velk\u00fd skok.<\/em><br \/>\n<em> Z\u0159u tento obraz:<\/em><br \/>\n<em> V\u00edte co se d\u011bje s \u010dlov\u011bkem, kdy\u017e mu sel\u017ee srdce? A je p\u0159itom v bl\u00edzkosti kardistimul\u00e1toru? A \u0161ikovn\u00fdch lid\u00ed kolem?<\/em><br \/>\n<em> Nastane resuscitace. Na kardiostimul\u00e1toru se nastav\u00ed takov\u00e1 hodnota elektrick\u00e9ho v\u00fdboje, kter\u00e1 je o\u017eivuj\u00edc\u00ed a stimuluj\u00edc\u00ed pro lidskou tk\u00e1\u0148. je vysok\u00e1, ale s jasn\u00fdm z\u00e1m\u011brem, aby srde\u010dn\u00ed tk\u00e1\u0148 znovu nasko\u010dila. P\u0159ilo\u017e\u00ed se elektrody a do t\u011bla se pust\u00ed elektrick\u00fd v\u00fdboj. T\u00edm se Srdce \u010dlov\u011bka o\u017eiv\u00ed a je- li\u00a0 to sou\u010d\u00e1st\u00ed Vy\u0161\u0161\u00ed v\u016fle, dojde k nov\u00e9 pulsaci v srdci, n\u00e1vratu &#8220;\u017eivota &#8221; do t\u011bla.<\/em><br \/>\n<em> (Ty elektrody jsem v r\u00e1mci p\u016fsoben\u00ed na koron\u00e1rn\u00ed JIP v m\u00fdch 18-26 letech mnohokr\u00e1t dr\u017eela v ruce a byla sou\u010d\u00e1st\u00ed &#8220;o\u017eiven\u00ed srdc\u00ed&#8221;)<\/em><br \/>\n<em> A toto se d\u011bje nyn\u00ed s planetou Zem\u00ed a s planet\u00e1rn\u00edm V\u011bdom\u00edm na v\u0161ech \u00farovn\u00edch. Tedy i s kameny, rostlinou \u0159\u00ed\u0161\u00ed, zv\u00ed\u0159ec\u00ed \u0159\u00eds\u00ed i \u010dlov\u011bkem&#8230;..<\/em><br \/>\n<em> K nejv\u011bt\u0161\u00edmu v\u00fdboji dojde 22.a 23.4. ( Petra Nel Smolov\u00e1 &#8211; 23.4. v 18.15.)<\/em><br \/>\n<em> V\u0161ak nelp\u011bme na minut\u00e1ch, proces se d\u011bje ji\u017e nyn\u00ed. Postupn\u011b.<\/em><br \/>\n<em> M\u00edsto dvou elektrod, tu budou \u010dty\u0159i.<\/em><br \/>\n<em> \u010cty\u0159i\u00a0 planety budou z\u00e1\u0159it z kardin\u00e1ln\u00edch znamen\u00ed do planet\u00e1rn\u00edho v\u011bdom\u00ed Zem\u011b. Jejich spojen\u00edm se aktivuje st\u0159ed &#8211; V\u011bdom\u00ed p\u00e1t\u00e9ho elementu, dojde k pov\u00fd\u0161en\u00ed v\u0161ech element\u016f a &#8230;<\/em><br \/>\n<em> Do planet\u00e1rn\u00edho v\u011bdom\u00ed bude ukotvena nov\u00e1 Dimenze..<\/em><br \/>\n<em> ( vid\u00edm obraz jak v\u0161echny \u010dty\u0159i planety celou konfigurac\u00ed zam\u00ed\u0159\u00ed a Univers\u00e1lni puls jimi projde k planet\u011b Zemi. Prost\u011b dojde k V\u00dd-BOJI,\u00a0 aby mohlo doj\u00edt k V\u00dd-VOJI) v\u0161echny \u010dty\u0159i planety jsou hodn\u011b \u017eiv\u00e9 a vlastn\u011b ji\u017e te\u010f se moc raduj\u00ed z cel\u00e9 akce.<\/em><br \/>\n<em> Mohlo by b\u00fdt naps\u00e1no mnoho slov, vol\u00edm Jedno- duchost.<\/em><br \/>\n<em> A\u017e pot\u00e9, po planet\u00e1rn\u00ed resuscitaci, vstoup\u00ed do Bytost\u00ed nov\u00e1 kvalita ODVAHY PROJEVIT KDO JSME. Bude absolutn\u00ed podpora. Ne PROTI\u00a0 n\u011bkomu nebo PRO n\u011bco. Prost\u011b ze sebe.<\/em><br \/>\n<em> ( p\u0159ipom\u011bla se mi tu slova T. Kluse:u\u017e nep\u016fjdu na Slav\u00edka, ne proto,\u017ee m\u00e1m k n\u011bkomu v\u00fdhrady, ale prost\u011b proto, \u017ee M\u011a TAM nebylo dob\u0159e)<\/em><br \/>\n<em> D\u0159\u00edv toto\u00a0 nebylo mo\u017en\u00e9. Tolik tis\u00edcilet\u00ed \u010dek\u00e1me na tento okam\u017eik.<\/em><br \/>\n<em> ( j\u00e1 jsem musela v minul\u00e9m roce proj\u00edt velkou prom\u011bnou t\u011bla,sta\u017een\u00edm se ze sv\u011bta, rozpadem v\u0161eho co bylo mozn\u00e9,abych byla p\u0159ipravena, a mohla nyn\u00ed ps\u00e1t tato slova a d\u011bkuji za ka\u017ed\u00fd okam\u017eik, bolest i radost)<\/em><br \/>\n<em> Posledn\u00ed budou prvn\u00ed ( ne \u017ee by o to st\u00e1li, ale prost\u011b to jimi bude tak h\u00fdbat), popadaj\u00ed iluze, v\u0161echna p\u0159esv\u011bd\u010den\u00ed budou opadat a to dost rychle. Nejen o tom, Kdo jsme, ale tak\u00e9 jak se m\u00e1me chovat, jak m\u00e1me vypadat, jak m\u00e1me mluvit \u010di ml\u010det. Bude n\u00e1m jasn\u00e9, s k\u00fdm je n\u00e1m dob\u0159e a s k\u00fdm ne. A budeme to jasn\u011b projevovat.<\/em><br \/>\n<em> Za\u010dnou vstupovat nov\u00e9 inspirace pro nov\u00e9 kroky, zp\u016fsoby vn\u00edm\u00e1n\u00ed.CHOV\u00c1N\u00cd SE.<\/em><br \/>\n<em> Za\u010dneme se CHOVAT. Doposud jsme se STRACHCHOVALI.<\/em><br \/>\n<em> Nyn\u00ed se za\u010dneme CHOVAT ( ve v\u0161ech v\u00fdznamech toho slova).<\/em><br \/>\n<em> To podstatn\u00e9 je, \u017ee to, co n\u00e1s je\u0161t\u011b jakkoli dr\u017eelo zp\u011bt, to z\u016fstane jen jako iluze mysli, iluze pocit\u016f..projektovan\u00e1 do t\u011bla.<\/em><br \/>\n<em> A my si to budeme moci vyvolat, ale v planet\u00e1rn\u00edm v\u011bdom\u00ed u\u017e to nebude.<\/em><br \/>\n<em> Nebude na co se vymlouvat, schov\u00e1vat se.<\/em><br \/>\n<em> I kdy\u017e si iluzi m\u016f\u017eeme ponechat, pro\u010d ne, ale nesm\u00edme se divit, \u017ee bude v\u00edc a v\u00edc lid\u00ed, kte\u0159\u00ed tu hru na iluzi strachu a nev\u011bdomosti Kdo jsme, u\u017e nebudou cht\u00edt s n\u00e1mi\u00a0 hr\u00e1t :-))))<\/em><br \/>\n<em> Hodn\u011b lid\u00ed m\u016f\u017ee zavr\u0161it cestu sjednocen\u00ed, ale je to dobrovoln\u00e9!!!<\/em><br \/>\n<em> Podstatn\u00e9 je, \u017ee znovu z\u00edsk\u00e1me kvalitu \u017dIV\u00c9 NEVINNOSTI\u00a0 a budeme si vzpom\u00edn\u00e1t, co znamen\u00e1 TVO\u0158IT z Pr\u00e1zdna, co znamen\u00e1 b\u00fdt Bo\u017e\u00ed d\u00edt\u011b, co znamen\u00e1 si HR\u00c1T. OPRAVDOV\u011a.<\/em><\/p>\n<p><em>Co je fajn je\u0161t\u011b zm\u00ednit je to, co popisuje Leny Lvovsk\u00e1.<\/em><br \/>\n<em> To je to, co m\u011b v meditac\u00edch a p\u0159i vhledu, kdy kouk\u00e1m na planetu &#8221; shora&#8221; , jasn\u011b &#8220;sv\u00edtilo.&#8221;<\/em><br \/>\n<em> Ke kvadratu\u0159e je\u0161t\u011b siln\u00fd trigon Jupiter, Sarurn, Venu\u0161e s Chironem- ve vodn\u00edch znamen\u00edch.<\/em><br \/>\n<em> To je milost ooobrovsk\u00e1, takov\u00e1 n\u011bha a o\u010di\u0161t\u011bn\u00ed je k tomu v\u0161emu zaji\u0161t\u011bna.<\/em><br \/>\n<em> Vn\u00edmam obrovskou n\u00e1ru\u010d, kter\u00e1 tak zdrav\u011b dr\u017e\u00ed a p\u0159itom vyprov\u00e1z\u00ed na cestu. Takov\u00e9 trochu poplesk\u00e1n\u00ed po zade\u010dku.. Aha &#8230;poml\u00e1zka od planet ve vodn\u00edm trigonu.<\/em><br \/>\n<em> Sp\u00ed\u0161e to v\u0161ak nazvu l\u00e1skypln\u00fdm vyprov\u00e1zen\u00edm do plnosti ODVAHY.<\/em><br \/>\n<em> A nad t\u00edm opozice Lilith a Luna.. Vzru\u0161uj\u00edc\u00ed.<\/em><br \/>\n<em> Tam nem\u00e1m \u017e\u00e1dn\u00fd obraz, jen takov\u00fd \u00fasm\u011bv, kdy\u017e je \u00fasp\u011b\u0161n\u011b zavr\u0161eno D\u00edlo, kter\u00e9 je vlastn\u011b startem pro Nov\u00e9.<\/em><br \/>\n<em> \u010ctverec, nad n\u00edm troj\u016fheln\u00edk, nad n\u00edm \u00fase\u010dka a&#8230; 4. 3. 2. 1&#8230; TE\u010e,te\u010f,te\u010f<\/em><\/p>\n<p><em>Co je mo\u017en\u00e9 v t\u011bchto dnech pro sebe ud\u011blat.<\/em><br \/>\n<em> Prost\u011b b\u00fdt otev\u0159en\u00ed a bd\u011bl\u00ed. Tan\u010dit, radovat,malovat pracovat- Tvo\u0159it.<\/em><br \/>\n<em> Co V\u00e1m vyvstane v nitru. hlavn\u011b se nebrzdit, v respektu k druh\u00fdm.<\/em><br \/>\n<em> M\u016f\u017ee se V\u00e1m za\u010d\u00edt cht\u00edt zp\u00edvat, zn\u00edt, broukat si..jako novorozen\u011b( pros\u00edm jen ne infantilnit o tom to neni),<\/em><br \/>\n<em> M\u01d4\u017eete za\u010d\u00edt nov\u011b vn\u00edmat dech a tlukot srdce, jako by se rozezn\u011blo v cel\u00e9m t\u011ble.<\/em><br \/>\n<em> M\u016f\u017eete c\u00edtit narovn\u00e1v\u00e1n\u00ed p\u00e1te\u0159e ( u\u017e se intenzivn\u011b d\u011bje)<\/em><br \/>\n<em> Hlavn\u011b nic ne\u0159e\u0161te!!! Jako \u017ee by jste n\u011bco m\u011bli d\u016fle\u017eit\u00e9ho ud\u011blat.<\/em><br \/>\n<em> To d\u016fle\u017eit\u00e9 d\u011blaj\u00ed planety v\u010detn\u011b Zem\u011b a ty si na tom nezakl\u00e1daj\u00ed.<\/em><br \/>\n<em> PROST\u011a SE TO D\u011aJE PROST\u011a.<\/em><br \/>\n<em> Ur\u010dit\u011b m\u016f\u017eete sd\u00edlet, b\u00fdt s bytostmi spole\u010dn\u011b a podporovat se v tom cel\u00e9m p\u0159\u00e1n\u00edm \u0161t\u011bst\u00ed..<\/em><br \/>\n<em> S Bytostmi v\u0161ech \u0159\u00ed\u0161\u00ed<\/em><br \/>\n<em> M\u016f\u017ee se v\u00e1m cht\u00edt vyj\u00e1d\u0159it l\u00e1sku.. P\u0159edat ji slovy. Dotykem, milov\u00e1n\u00edm. Ud\u011blejte to.<\/em><br \/>\n<em> Kdyby n\u011bkdo poci\u0165oval, \u017ee je to na n\u011bj hodn\u011b<\/em><br \/>\n<em> &#8211; n\u00e1ru\u010d Matky Zem\u011b je p\u0159ipraven\u00e1&#8230;<\/em><br \/>\n<em> Dejte si vanu se sol\u00ed, sn\u011bzte ko\u0159enovou zeleninu, lehn\u011bte si do tr\u00e1vy, vykoupejte se v potoce..<\/em><br \/>\n<em> D\u00fdchejte chodidly, zpomalte sv\u00e9 tempo&#8230;<\/em><br \/>\n<em> A kdyby bylo nejh\u016f\u0159 &#8211; sklo\u0148te svou p\u00e1te\u0159, dotkn\u011bte se hlavou Zem\u011b, d\u00fdchejte a nechte,po\u017e\u00e1dejte,\u00a0 a\u0165 si Matka Zem\u011b, jej\u00ed st\u0159ed, vezme to v\u0161e &#8221; nejh\u016f\u0159.&#8221; &#8230; Co vy si mysl\u00edte \u017ee ve v\u00e1s je&#8230;t\u0159eba se omluvte.<\/em><br \/>\n<em> A d\u011bkujte, d\u011bkujte, d\u011bkujte<\/em><br \/>\n<em> A cel\u00e1 ta kr\u00e1sa, kter\u00e1 se tu d\u011bje se V\u00e1m zjev\u00ed&#8230;. Je tu trvale a st\u00e1le<\/em><br \/>\n<em> Jen po VELKEM KR\u00cd\u017dI bude v\u00edc vn\u00edmatelna, c\u00edtiteln\u00e1<\/em><br \/>\n<em> &#8230;pro toho, kdo v klidu a nezi\u0161tn\u011b p\u0159ich\u00e1z\u00ed&#8230;<\/em><\/p>\n<p>16.4.2014. Kalyani www.cestoudomu.cz<br \/>\n( pros\u00edm text neupravovat, ned\u011blit, slova jsou &#8221; sn\u00e1\u0161ena &#8221; p\u0159\u00edmo.)<\/p>\n<p><span style=\"color: #00ccff;\"><strong>Leny Lomtatidze Lvovsk\u00e1<\/strong><\/span> (zaslala\u00a0 na mou \u017a\u00e1dost\u00a0 p\u0159i aktivn\u00edm maminkov\u00e1n\u00ed, tak\u017ee ps\u00e1no p\u0159\u00edmo, nijak neupravov\u00e1no):\u00a0<span style=\"color: #00ccff;\"><a style=\"color: #00ccff;\" href=\"www.lenylvovska.com\" target=\"_blank\">www.lenylvovska.com<\/a><\/span><br \/>\nVelk\u00fd k\u0159\u00ed\u017e v kardin\u00e1ln\u00edch znamen\u00edch Uran v Beranu, Jupiter v Raku, Mars ve Vah\u00e1ch, Pluto v Kozorohu je konstelac\u00ed \u010cINU. V\u0161e, co zr\u00e1lo a chystalo se, se te\u010f pot\u0159ebuje projevit&#8230; n\u011bkde to bude hodn\u011b praskat&#8230; Jde i o rozpad line\u00e1rn\u00edho vn\u00edm\u00e1n\u00ed \u010dasu, do te\u010f plat\u00edc\u00edch souvislost\u00ed a obecn\u00fdch pravd&#8230; Kdo se toho bude dr\u017eet, bude v k\u0159e\u010di nebo ho to povle\u010de \u010di rozst\u0159el\u00ed&#8230; Jsme vol\u00e1ni k zodpov\u011bdnosti a k uvid\u011bn\u00ed se jako tv\u016frci.<br \/>\nPo\u0159\u00e1d mi jde spojen\u00ed &#8220;Ond\u0159ej\u016fv k\u0159\u00ed\u017e&#8221;, ale nev\u00edm moc, co to znamen\u00e1&#8230;<br \/>\n(No n\u011bco o tom je na webu.)<br \/>\nHodn\u011b to vid\u00edm tak, \u017ee k\u0159\u00ed\u017e\u016f bylo mnoho, ale jen na jednom byl uk\u0159i\u017eov\u00e1n Je\u017e\u00ed\u0161.<br \/>\nTak\u017ee mi vystupuje to, co je &#8220;na tom&#8221; k\u0159\u00ed\u017ei asi v\u00edc ne\u017e k\u0159\u00ed\u017e samotn\u00fd. Ten mi p\u0159ipad\u00e1 zcela jasn\u00fd, nosn\u00fd (ve smyslu prvn\u00edho odstavce).<br \/>\nNa k\u0159\u00ed\u017ei je vodn\u00ed trigon\u00a0 Jupiter v Raku &#8211; Saturn ve \u0160t\u00edru &#8211; Venu\u0161e(s Chironem!) v Ryb\u00e1ch. Po\u0159\u00e1d se mi k tomu ukazuje obrazec kv\u011btiny, kter\u00e1 m\u00e1 v ka\u017ed\u00e9m l\u00edstku symbol jednoho z velk\u00fdch n\u00fdbo\u017eensk\u00fdch proud\u016f na planet\u011b &#8211; vid\u011bla jsem ji poprv\u00e9 v Indii u Sai Babi. Te\u010f v Lovin\u011b m\u011b d\u00e9\u0161\u0165 zahnal do restaurace k \u017een\u011b, kter\u00e1 nav\u0161t\u00edvila Sai Babu a v\u0161e se o\u017eivilo&#8230; Sjednocen\u00ed duchovn\u00ed proud\u016f&#8230;Vykveten\u00ed jejich spole\u010dn\u00e9 podstaty.<br \/>\nC\u00edt\u00edm v tom vodn\u00edm trigonu velk\u00e9 rozpou\u0161t\u011bn\u00ed (odhrnov\u00e1n\u00ed) z\u00e1voj\u016f z doby Ryb, kter\u00e9ho je t\u0159eba&#8230; Proud ze srdce, kter\u00fd l\u00e9\u010d\u00ed bezmezn\u011b (Venu\u0161e s Chironem v Ryb\u00e1ch), ale z\u00e1rove\u0148 je velmi v \u0159\u00e1du a nekompromisn\u00ed (prask\u00e1n\u00ed sko\u0159\u00e1pek, Saturn ve \u0160t\u00edru) aby bylo pol\u00edbeno, povzneseno a vyloupnuto v\u0161e, co jen trochu b\u00fdt m\u016f\u017ee (Jupiter v Raku)&#8230;<br \/>\nMluven\u00ed o t\u00e9matech, kter\u00e1 byla tabu&#8230; Sexualita a co za n\u00ed skute\u010dn\u011b je&#8230;<br \/>\nD\u011bti &#8211; kdo jsou, co p\u0159in\u00e1\u0161ej\u00ed, co mi jim d\u011bl\u00e1me-ned\u011bl\u00e1me&#8230;. SLOVO, s\u00edla slova&#8230;a s t\u00edm spojen\u00e9 vzd\u011bl\u00e1v\u00e1n\u00ed a p\u0159enos informac\u00ed&#8230;.<br \/>\nKDO JSME&#8230;<br \/>\nI kdy\u017e sklon ze zvyku bude na mnoha m\u00edstech k revoluci (Luna ve Vodn\u00e1\u0159i), n\u011bjak vid\u00edm sp\u00ed\u0161, \u017ee je tu mo\u017enost, aby cel\u00fd p\u0159echod byl jako postupn\u00e9 kveten\u00ed jara (pod Sluncem v B\u00fdku) star\u00e9 listy jsou sr\u00e1\u017eeny nov\u00fdmi pupeny&#8230; i ty apr\u00edlov\u00e9 poryvy, ale ve fin\u00e1le Slunce, barvy, sv\u011b\u017eest, kv\u011bty&#8230;<br \/>\nHodn\u011b na tom k\u0159\u00ed\u017ei blik\u00e1 i opozice Lilith ve Lvu-Luna ve Vodn\u00e1\u0159i.<br \/>\nVid\u00edm tam skrze to i nov\u00e9 pochopen\u00ed &#8220;setk\u00e1n\u00ed s bolest\u00ed&#8221; &#8211; ne u jedinc\u016f ale v \u0161irok\u00fdch vrstv\u00e1ch&#8230; zodpov\u011bdnost za bolest na Zemi&#8230;.<br \/>\nOt\u00e1\u010den\u00ed proudu energie tak, jak jsi to ukazovala na v\u00fdcviku &#8211; NE od d\u011bt\u00ed do rodu, ale naopak &#8211; k d\u011btem. Hodn\u011b lid\u00ed to pot\u0159ebuje uvid\u011bt. Aby se pak mohli v\u011bdom\u011b rozhodnout.<\/p>\n<p><span style=\"color: #00ccff;\"><strong>Alita Zurak:<\/strong><\/span> v\u00fd\u0148atek , cel\u00fd text na <a href=\"http:\/\/www.mandalia.cz\/mandalia\/start.htm\" target=\"_blank\"><span style=\"color: #00ccff;\">http:\/\/www.mandalia.cz\/mandalia\/start.htm<\/span><\/a><br \/>\nJedn\u00edm z moment\u016f naopak sp\u00ed\u0161e krizov\u00fdch, prov\u011b\u0159uj\u00edc\u00edch, bude pravd\u011bpodobn\u011b konec dubna 2014, kdy Uran v Beranu, Jupiter v Raku, Mars ve Vah\u00e1ch a Pluto v Kozorohu vytvo\u0159\u00ed konfiguraci zvanou Velk\u00fd k\u0159\u00ed\u017e (23.4. 2014). \u010cty\u0159i planety aktivizuj\u00ed \u010dty\u0159i znamen\u00ed a \u010dty\u0159i \u017eivly tzv. Kardin\u00e1ln\u00edho k\u0159\u00ed\u017ee, spojen\u00e9ho s jednozna\u010dn\u00fdm pohybem vp\u0159ed, se sm\u011b\u0159ov\u00e1n\u00edm do budoucnosti a jej\u00edm utv\u00e1\u0159en\u00edm.<br \/>\nVelk\u00fd k\u0159\u00ed\u017e je konfigurace tzv. napjat\u00fdch aspekt\u016f, tedy planet\u00e1rn\u00edch vztah\u016f. Ka\u017ed\u00e1 z planet, ka\u017ed\u00fd z akt\u00e9r\u016f Velk\u00e9ho k\u0159\u00ed\u017ee m\u00e1 svou p\u0159edstavu o cest\u011b vp\u0159ed, o tvo\u0159en\u00ed budoucnosti: Uran v Beranu nab\u00edz\u00ed radik\u00e1ln\u00ed osvobozuj\u00edc\u00ed prom\u011bnu, nekompromisn\u00ed restart cel\u00e9 na\u0161\u00ed bytosti, Jupiter v Raku n\u00e1s u\u010d\u00ed uvolnit se a p\u0159edstavovat si, jednat v souladu s na\u0161imi pocity, s na\u0161\u00ed intuic\u00ed, Mars ve Vah\u00e1ch chce formovat a uspo\u0159\u00e1d\u00e1vat na\u0161e z\u00e1le\u017eitosti a vztahy, projevit v\u00edce diplomacie, hledat kompromisy, zat\u00edmco Pluto v Kozorohu odstra\u0148uje vnit\u0159n\u00ed i vn\u011bj\u0161\u00ed p\u0159ek\u00e1\u017eky, nab\u00e1d\u00e1 n\u00e1s k<br \/>\nmobilizaci skryt\u00fdch sil a projevu nadlidsk\u00e9 v\u016fle&#8230;<br \/>\nNam\u00edsto spolupr\u00e1ce si v\u0161ak planety a jejich projevy mohou zd\u00e1nliv\u011b vadit, br\u00e1nit si vz\u00e1jemn\u011b v harmonick\u00e9m pohybu vp\u0159ed. Po\u017eadavky Urana se dost\u00e1vaj\u00ed do opozice, tedy do protikladu a<br \/>\nrozporu s po\u017eadavky Marsu, stejn\u011b tak vliv Jupitera je v opozici s vlivem Pluta. V t\u011bchto dnech se n\u00e1m m\u016f\u017ee zd\u00e1t, \u017ee z\u00e1le\u017eitosti, na kter\u00fdch pracujeme, se jaksi zbr\u017e\u010fuj\u00ed, m\u016f\u017eeme za\u010d\u00edt pochybovat, poc\u00edtit zes\u00edlen\u00ed vnit\u0159n\u00edch i vn\u011bj\u0161\u00edch konflikt\u016f, kter\u00e9 se mohou materializovat v podob\u011b r\u016fzn\u00fdch p\u0159ek\u00e1\u017eek a omezen\u00ed.<br \/>\nPokud se v\u0161ak uvoln\u00edme hloub\u011bji, k \u010demu\u017e napom\u00e1h\u00e1 \u0159ada harmonick\u00fdch aspekt\u016f mezi vodn\u00edmi znamen\u00edmi a tak\u00e9 s pomoc\u00ed aktu\u00e1ln\u00ed Luny ve Vodn\u00e1\u0159i, dok\u00e1\u017eeme t\u0159eba zrovna v tento den oto\u010dit \u201ekolem karmy\u201c, zm\u011bnit p\u0159\u00edstup k cel\u00e9 situaci, m\u016f\u017eeme naopak uvid\u011bt mo\u017enost propojen\u00ed, rozproud\u011bn\u00ed energi\u00ed do stavu naprost\u00e9ho souladu a spolupr\u00e1ce. Podobn\u011b jako letn\u00ed Velk\u00fd Vodn\u00ed Trigon v Roce T\u0159in\u00e1ct se tato konfigurace m\u016f\u017ee st\u00e1t jedn\u00edm z kl\u00ed\u010dov\u00fdch moment\u016f roku. M\u016f\u017ee se st\u00e1t katalyz\u00e1torem \u010di spou\u0161t\u011b\u010dem velk\u00fdch revolu\u010dn\u00edch zm\u011bn, kter\u00e9 symbolizuje prvn\u00ed z akt\u00e9r\u016f &#8211; geni\u00e1ln\u00ed program\u00e1tor Uran v Beranu, z\u00e1sadn\u011b p\u0159ehodnocuj\u00edc\u00ed na\u0161e ch\u00e1p\u00e1n\u00ed \u017eivota jako takov\u00e9ho a na\u0161eho m\u00edsta v n\u011bm, na\u0161eho p\u0159\u00edstupu k sob\u011b sam\u00fdm&#8230;<\/p>\n<p><span style=\"color: #00ccff;\"><strong> Petra Nel Smolov\u00e1:<\/strong><\/span><br \/>\n<span style=\"color: #00ccff;\"><a style=\"color: #00ccff;\" href=\"http:\/\/www.novoucestou.cz\/?p=38762\" target=\"_blank\">http:\/\/www.novoucestou.cz\/?p=38762<\/a><\/span><br \/>\n<span style=\"color: #00ccff;\"><a style=\"color: #00ccff;\" href=\"http:\/\/www.novoucestou.cz\/?p=39296\" target=\"_blank\">http:\/\/www.novoucestou.cz\/?p=39296<\/a><\/span><\/p>\n<p><strong><span style=\"color: #00ccff;\"> M\u00e1\u0161a R\u016f\u017ei\u010dkov\u00e1:<\/span><\/strong><br \/>\n<a href=\"http:\/\/www.astroinspirace.cz\/2014\/04\/15-dubna-2014-uplnek-a-uplne-zatmeni-luny\/\" target=\"_blank\"><span style=\"color: #00ccff;\">http:\/\/www.astroinspirace.cz\/2014\/04\/15-dubna-2014-uplnek-a-uplne-zatmeni-luny\/<\/span><\/a><\/p>\n<p>V \u00fact\u011b<br \/>\nKalyani<\/p>\n<p>&nbsp;<\/p>\n<p>&nbsp;<\/p>\n","protected":false},"excerpt":{"rendered":"<p>&nbsp; Vhled Kalyani k Velk\u00e9mu k\u0159\u00ed\u017ei 16. 4. 2014 V\u00e1\u017een\u00ed, Tentokr\u00e1t jsem k &#8221; m\u00e9mu&#8221; vhledu p\u0159ipojila slova \u010dty\u0159 \u017een &#8211; astrolo\u017eek, jejich\u017e n\u00e1zory se mnou rezonuj\u00ed. A k jejich\u017e textu jsem byla p\u0159ivedena. Nic jsem aktivn\u011b nevyhled\u00e1vala. Nadchl m\u011b jejich zku\u0161enostn\u00ed pohled, jejich slova, kter\u00e1 vyjad\u0159uj\u00ed popis, vhled do ud\u00e1losti VELK\u00dd K\u0158\u00cd\u017d, \u00a0kter\u00fd vrchol\u00ed [&hellip;]<\/p>\n","protected":false},"author":3,"featured_media":0,"parent":11,"menu_order":0,"comment_status":"open","ping_status":"open","template":"","meta":{"footnotes":""},"_links":{"self":[{"href":"https:\/\/www.kalyani.cz\/index.php?rest_route=\/wp\/v2\/pages\/101"}],"collection":[{"href":"https:\/\/www.kalyani.cz\/index.php?rest_route=\/wp\/v2\/pages"}],"about":[{"href":"https:\/\/www.kalyani.cz\/index.php?rest_route=\/wp\/v2\/types\/page"}],"author":[{"embeddable":true,"href":"https:\/\/www.kalyani.cz\/index.php?rest_route=\/wp\/v2\/users\/3"}],"replies":[{"embeddable":true,"href":"https:\/\/www.kalyani.cz\/index.php?rest_route=%2Fwp%2Fv2%2Fcomments&post=101"}],"version-history":[{"count":11,"href":"https:\/\/www.kalyani.cz\/index.php?rest_route=\/wp\/v2\/pages\/101\/revisions"}],"predecessor-version":[{"id":2926,"href":"https:\/\/www.kalyani.cz\/index.php?rest_route=\/wp\/v2\/pages\/101\/revisions\/2926"}],"up":[{"embeddable":true,"href":"https:\/\/www.kalyani.cz\/index.php?rest_route=\/wp\/v2\/pages\/11"}],"wp:attachment":[{"href":"https:\/\/www.kalyani.cz\/index.php?rest_route=%2Fwp%2Fv2%2Fmedia&parent=101"}],"curies":[{"name":"wp","href":"https:\/\/api.w.org\/{rel}","templated":true}]}}