{"id":117,"date":"2014-06-08T11:50:04","date_gmt":"2014-06-08T11:50:04","guid":{"rendered":"http:\/\/www.kalyani.cz\/?page_id=117"},"modified":"2014-06-08T12:58:20","modified_gmt":"2014-06-08T12:58:20","slug":"22-3-2013","status":"publish","type":"page","link":"https:\/\/www.kalyani.cz\/?page_id=117","title":{"rendered":"22.3.2013"},"content":{"rendered":"<div style=\"color: #000000;\">\n<div class=\"pzahlavi\" style=\"font-weight: bold;\">22. 3. 2013<\/div>\n<p>Odevzd\u00e1v\u00e1m to v\u0161e, co jsem nucena d\u011blat, abych byla &#8230; vid\u011bn\u00e1 &#8211; vid\u011bn\u00e9\u00a0&#8230;.<br \/>\n\u0158\u00edk\u00e1m NE v\u0161emu, co mus\u00edm hr\u00e1t, abych v\u016fbec byla uzn\u00e1na pr\u00e1voplatn\u00fdm \u010dlov\u011bkem Zem\u011b. P\u0159ijat\u00e1 &#8211; p\u0159ijat\u00e9 &#8230;<br \/>\n\u010c\u00edm se tohle dosahuje &#8230; B\u00fdt \u010dlov\u011bk, kdy\u017e u\u017e JSEM \u010dlov\u011bk\u00a0&#8230;.<br \/>\nCo v\u0161e pot\u0159ebuji M\u00cdT, abych byla uzn\u00e1na jako \u010dlov\u011bk, M\u00edt, vlastnit, &#8230; Kolik masek si m\u00e1m nasazovat, abych byla uvid\u011bna &#8230;..<br \/>\nKolik toho musim ud\u011blat, abych tu mohla \u017e\u00edt a projevovat se\u00a0&#8230;.<br \/>\nKdy\u017e jsem v Tichu &#8230;. Lid\u00e9 kolem mne m\u011b p\u0159est\u00e1vaj\u00ed vid\u011bt, mus\u00edm se h\u00fdbat. Sk\u00e1kat, chodit a jezdit, tan\u010dit\u00a0&#8230;.<br \/>\nKdy\u017e pr\u00e1v\u011b z\u00e1\u0159\u00edm i v klidu &#8230;.jsem pro mnoh\u00e9 &#8230;. neviditeln\u00e1. Nevid\u00ed mne, ale jejich p\u0159edstavy o sob\u011b, v lep\u0161\u00edm p\u0159\u00edpad\u011b o m\u011b.<br \/>\nCokoli mus\u00edm &#8211; neni pravda &#8230;.<br \/>\nKdy\u017e JSEM CEL\u00dd \u010cLOV\u011aK, tak PLYNU, ne proto, \u017ee musim, ale proto, \u017ee plynu &#8230;.<br \/>\nTancem, ch\u016fz\u00ed, j\u00edzdou, milov\u00e1n\u00edm\u00a0&#8230;.<br \/>\nRozhl\u00ed\u017e\u00edm se &#8230; to st\u00e1l\u00e9 MUS\u00cdM bojovat o m\u00edsto, o pozice. Dohadov\u00e1n\u00ed kdo, co, jak,prvn\u00ed &#8230;. Neuzn\u00e1n\u00ed proudu a jeho postupn\u00e9ho projevu, systemick\u00fdch souvislost\u00ed ve vy\u0161\u0161\u00edch \u0159\u00e1dech, neuzn\u00e1n\u00ed Mistr\u016f a u\u010ditel\u016f &#8230;. Neuzn\u00e1n\u00ed cesty, kterou museli proj\u00edt, aby byli t\u00edm k\u00fdm jsou.<br \/>\nSrovn\u00e1v\u00e1n\u00ed se, z\u00e1visti, \u017e\u00e1rlivosti &#8230; Sout\u011b\u017e i v duchovn\u00edch skupin\u00e1ch &#8230;.<br \/>\nNebav\u00ed m\u011b ta hra na to, \u017ee tato sout\u011b\u017e neni, kdy\u017e vid\u00edm, je mi Matkou Zem\u00ed ukazov\u00e1no, \u017ee je\u00a0&#8230;.<br \/>\n&#8220;Hra na to, \u017ee v L\u00e1sce hrajem Univers\u00e1ln\u00ed hru \u00a0&#8230; a Podstatn\u00e9 je nau\u010dit se hr\u00e1t &#8230;.&#8221;<br \/>\nNe, odm\u00edt\u00e1m d\u011blat, \u017ee neni. Ta hra je a existuje. Tou\u017e\u00ed b\u00fdt p\u0159ijata.<br \/>\nPo 21.12.2012. Jako by vyrostla, je toolik vid\u011bt pro ty, jen\u017e cht\u011bj\u00ed ooopravdu vid\u011bt, opravdu c\u00edtit SEBE. Opravdu j\u00edt CESTOU &#8230; B\u00fdt CESTOU.<br \/>\nB\u00fdt splynut\u00edm V\u0161eho v Ni\u010dem.<br \/>\nPro m\u011b je podstatn\u00e9, KDO JSEM \u00a0&#8230; Podstata sama &#8230; Hra m\u011b vlastn\u011b p\u0159estala zaj\u00edmat, pozornost jde do Podstaty &#8230; Proto\u017ee spo\u010d\u00edvaj\u00edc v Podstat\u011b se z hran\u00e9 hry st\u00e1v\u00e1 Skute\u010dnost &#8230; A pak to za\u010d\u00edn\u00e1 b\u00fdt skute\u010dn\u011b ono &#8230; SKUTE\u010cNOST v PROJEVU &#8230;<br \/>\nJenom\u017ee za t\u00edm jsou roky a inkarnace d\u0159iny &#8230; Bd\u011bl\u00e9 pozornosti a pozornosti a pozornosti &#8230; Fakt bd\u011blosti v L\u00e1sce, univers\u00e1ln\u00edch z\u00e1konitostech, zku\u0161enosti &#8230;. Sebek\u00e1ze\u0148, tr\u00e9nink, opakovan\u00e9 po\u010det\u00ed a smrti, abych zjistila pr\u016fchody \u00farovn\u011bmi Skute\u010dnosti &#8230;. Inkarnace do r\u016fzn\u00fdch kultur a n\u00e1bo\u017eenstv\u00ed &#8230;. Bd\u011blost&#8230; Vn\u00edmat kulisy a neztratit sebe &#8230;. V tomto \u017eivot\u011b nep\u0159etr\u017eit\u00e1 o\u010dista u\u017e od prvn\u00edho n\u00e1dechu a v\u00fddechu &#8230; jasn\u00fd z\u00e1m\u011br\u00a0&#8230; Z\u00e1m\u011br b\u00fdt k\u00fdm jsem &#8230; po\u010dkat na vhodn\u00fd \u010das &#8230; A\u017e jednou&#8230; Najednou se to stane&#8230;.ne jen jako vysledek \u00fasil\u00ed , ale jako akt SPLYNUT\u00cd\u00a0&#8230;. Odevzd\u00e1n\u00ed &#8230; SPLYNUT\u00cd, kdy najednou je v\u0161e st\u00e1l\u00e9, v\u011b\u010dn\u00e9, p\u0159etrv\u00e1vaj\u00edc\u00ed &#8230;. A to jsem J\u00c1 &#8230; Nejde z toho vypadnout, nehroz\u00ed ztr\u00e1ta, usnut\u00ed, zapomenut\u00ed, odklon, p\u0159\u00edklon &#8230; je TO\u00a0&#8230; Na j\u00e1 u\u017e nez\u00e1le\u017e\u00ed &#8230;. Proto\u017ee je v\u0161ude&#8230;.<br \/>\nV\u0161ichni jsou j\u00e1 &#8230;. A v\u0161ichni jsou NIKDO&#8230;. JEDNOTA bez prvenstv\u00ed &#8230;.. a v tom je \u017eivost &#8230; Proud &#8230;.<\/p>\n<p>Kdy\u017e lid\u00e9, v mysl\u00edch, v Du\u0161ich &#8230;. cht\u011bj\u00ed b\u00fdt prvn\u00ed &#8230; Cht\u011bj\u00ed rychle b\u00fdt v\u016fdcem, Mistrem &#8230; l\u00e9\u010ditelem?<br \/>\nBez bd\u011blosti, bez splynut\u00ed, bez znalosti z\u00e1konitost\u00ed cesty\u00a0&#8230; Jak to asi mu\u017ee dopadnout?<br \/>\nPrvn\u00ed&#8230;.<br \/>\nMisto toho, mohu b\u00fdt klidn\u011b druh\u00e1 &#8230; Des\u00e1t\u00e1 &#8230;. St\u00e1 &#8230; No a co&#8230;. V\u017edy\u0165 jsem jedine\u010dn\u00e1 v tom v\u0161em lidsk\u00e9m &#8230;. Nepot\u0159ebuji b\u00fdt prvn\u00ed &#8230;.<br \/>\nAle b\u00fdt prvn\u00ed znamen\u00e1 m\u00edt v\u00edc\u00a0&#8230; Znamen\u00e1 to ob\u017eivu, p\u0159e\u017eit\u00ed, komfort, u\u017e\u00edv\u00e1n\u00ed si &#8230;.<br \/>\nAle za jakou cenu?<br \/>\n\u017de lidi kolem jsou poni\u017eov\u00e1ni, zmen\u0161ov\u00e1ni, nevid\u011bni, hra na slab\u00e9 a siln\u00e9, hra na l\u00e1sku a bla\u017eenost &#8230; hra na hloup\u00e9 a chytr\u00e9\u00a0&#8230;.<br \/>\nChtit b\u00fdt prvn\u00ed znamen\u00e1 nevid\u011bt druh\u00e9\u00a0&#8230;. Souvislosti &#8230;. Vz\u00e1jemnost &#8230;<br \/>\ncht\u00edt b\u00fdt prvn\u00ed znamen\u00e1 boj o prostor\u00a0&#8230;<br \/>\ncht\u00edt b\u00fdt prvn\u00ed znamen\u00e1 bezcitnost\u00a0&#8230;.<br \/>\ncht\u00edt B\u00fdt prvn\u00ed znamen\u00e1 b\u00e1t se SJEDNOCEN\u00cd\u00a0&#8230; SPLYNUT\u00cd<\/p>\n<p>B\u00fdt sjednocen\u00e1 a v plynut\u00ed znamen\u00e1 B\u00fdt &#8230;<br \/>\nza \u010dasem i prostorem, kde prvenstv\u00ed ani neni mo\u017en\u00e9 &#8230;.<br \/>\nNejsem to j\u00e1, kdo ur\u010duje moje m\u00edsto na Zemi, neni to v\u0161ak nikdo z lid\u00ed, kdo toto ur\u010duje &#8230;.<br \/>\nJ\u00e1 jsem je samo v sob\u011b p\u0159ijat\u00e9 a vid\u011bn\u00e9. Z\u0159\u00edc\u00ed.<br \/>\nD\u011bkuji v\u0161em u\u010ditel\u016fm a Mistr\u016fm za jejich trvalou Milost a L\u00e1sku, Veden\u00ed v discipl\u00edn\u011b a \u0158\u00e1du, a\u0165 jsou je\u0161t\u011b v t\u011blech na Zemi nebo ji\u017e v dal\u0161\u00edch \u00farovn\u00edch bez fyzick\u00fdch t\u011bl.<br \/>\nD\u011bkuji sob\u011b za naslouch\u00e1n\u00ed jim a n\u00e1sledov\u00e1n\u00ed, odevzd\u00e1n\u00ed se.<br \/>\nSplynut\u00edm t\u011bchto kvalit jsme te\u010f JEDN\u00cdM &#8230; V\u0160\u00cdM I NI\u010c\u00cdM &#8230;.<\/p>\n<p>Kalyani 13.3.13 ;7.00 hod. Balijsk\u00e9ho \u010dasu (v Evrop\u011b 12.3.13; 24.00)<\/p>\n<\/div>\n<p style=\"color: #000000;\"><a style=\"color: #0000ff;\">Zp\u011bt<\/a><\/p>\n","protected":false},"excerpt":{"rendered":"<p>22. 3. 2013 Odevzd\u00e1v\u00e1m to v\u0161e, co jsem nucena d\u011blat, abych byla &#8230; vid\u011bn\u00e1 &#8211; vid\u011bn\u00e9\u00a0&#8230;. \u0158\u00edk\u00e1m NE v\u0161emu, co mus\u00edm hr\u00e1t, abych v\u016fbec byla uzn\u00e1na pr\u00e1voplatn\u00fdm \u010dlov\u011bkem Zem\u011b. P\u0159ijat\u00e1 &#8211; p\u0159ijat\u00e9 &#8230; \u010c\u00edm se tohle dosahuje &#8230; B\u00fdt \u010dlov\u011bk, kdy\u017e u\u017e JSEM \u010dlov\u011bk\u00a0&#8230;. Co v\u0161e pot\u0159ebuji M\u00cdT, abych byla uzn\u00e1na jako \u010dlov\u011bk, M\u00edt, vlastnit, [&hellip;]<\/p>\n","protected":false},"author":3,"featured_media":0,"parent":11,"menu_order":0,"comment_status":"open","ping_status":"open","template":"","meta":{"footnotes":""},"_links":{"self":[{"href":"https:\/\/www.kalyani.cz\/index.php?rest_route=\/wp\/v2\/pages\/117"}],"collection":[{"href":"https:\/\/www.kalyani.cz\/index.php?rest_route=\/wp\/v2\/pages"}],"about":[{"href":"https:\/\/www.kalyani.cz\/index.php?rest_route=\/wp\/v2\/types\/page"}],"author":[{"embeddable":true,"href":"https:\/\/www.kalyani.cz\/index.php?rest_route=\/wp\/v2\/users\/3"}],"replies":[{"embeddable":true,"href":"https:\/\/www.kalyani.cz\/index.php?rest_route=%2Fwp%2Fv2%2Fcomments&post=117"}],"version-history":[{"count":1,"href":"https:\/\/www.kalyani.cz\/index.php?rest_route=\/wp\/v2\/pages\/117\/revisions"}],"predecessor-version":[{"id":118,"href":"https:\/\/www.kalyani.cz\/index.php?rest_route=\/wp\/v2\/pages\/117\/revisions\/118"}],"up":[{"embeddable":true,"href":"https:\/\/www.kalyani.cz\/index.php?rest_route=\/wp\/v2\/pages\/11"}],"wp:attachment":[{"href":"https:\/\/www.kalyani.cz\/index.php?rest_route=%2Fwp%2Fv2%2Fmedia&parent=117"}],"curies":[{"name":"wp","href":"https:\/\/api.w.org\/{rel}","templated":true}]}}