{"id":1756,"date":"2015-03-19T11:16:58","date_gmt":"2015-03-19T11:16:58","guid":{"rendered":"http:\/\/www.kalyani.cz\/?page_id=1756"},"modified":"2016-02-28T13:44:38","modified_gmt":"2016-02-28T13:44:38","slug":"19-3-2015","status":"publish","type":"page","link":"https:\/\/www.kalyani.cz\/?page_id=1756","title":{"rendered":"19.3. 2015"},"content":{"rendered":"<div style=\"text-align: center;\">\n<h2><strong><span style=\"color: #00ccff;\">Kultivace lidsk\u00e9 mysli (podv\u011bdom\u00ed)..<br \/>\n<\/span><\/strong><span style=\"color: #00ccff;\">19. 3. 2015<\/span><\/h2>\n<\/div>\n<div style=\"text-align: center;\"><span style=\"color: #00ccff;\"><span style=\"color: #00ccff;\">\u010cL\u00c1NEK &#8211; \u00a0<span style=\"text-decoration: underline;\"><a style=\"color: #00ccff; text-decoration: underline;\" href=\"http:\/\/www.svetkolemnas.info\/novinky\/domaci\/2162-ceska-media-vyhrozuji-obcanum-aby-je-odradila-od-protestu-proti-jizde-americke-armady\" target=\"_blank\">\u010cesk\u00e1 m\u00e9dia vyhro\u017euj\u00ed ob\u010dan\u016fm, aby je odradila od protest\u016f proti j\u00edzd\u011b americk\u00e9 arm\u00e1dy<\/a><\/span><\/span><\/span><span style=\"color: #00ccff;\"><span style=\"text-decoration: underline;\"><br \/>\n<\/span><\/span><\/div>\n<div><span style=\"color: #ffffff;\">AA<\/span><\/div>\n<div style=\"text-align: left;\">Podv\u011bdom\u00ed lid\u00ed je mocn\u00fd n\u00e1stroj mysli, kter\u00fd nekultivov\u00e1n rozt\u00e1\u010d\u00ed st\u00e1le dokola &#8220;opakovanou historii&#8221;. Na jednu stranu objev\u00edme \u0159e\u010d delf\u00edn\u016f a to, \u017ee jsou to na\u0161i brat\u0159i a sestry. Na druhou stranu se jako lid\u00e9 navz\u00e1jem st\u00e1le okupujeme&#8230; O &#8211; kupujeme.<\/div>\n<div style=\"text-align: left;\">Nem\u00e1m v\u016fbec dobr\u00fd pocit z toho v\u0161eho a tak\u00e9 jako \u017eena nezn\u00e1m \u0159e\u0161en\u00ed. Zn\u00e1m \u0159e\u0161en\u00ed s dlouhodob\u00fdm efektem.<\/div>\n<div style=\"text-align: center;\"><span style=\"color: #ffffff;\">AA<\/span><\/div>\n<h6 style=\"text-align: center;\"><strong>U\u010dil ho Budha, Kristus, Konfucius, Eckhart, Mahari\u0161i, Tom\u00e1\u0161ovi, Vacek, Mooji. V\u0161ichni, kdo prohl\u00e9dli<br \/>\ndo Podstaty Byt\u00ed.. za mysl&#8230;<\/strong><\/h6>\n<p>S\u00edla Ducha je nezm\u011brn\u00e1. A p\u0159esto z vn\u011bj\u0161iho pohledu je d\u00e1v\u00e1na pozornost zbran\u00edm a boji, strachu, ned\u016fv\u011b\u0159e&#8230;a to t\u011b\u017es\u00ed, hmotn\u011bj\u0161\u00ed \u00a0ve sv\u011bt\u011b vyvol\u00e1v\u00e1 strach, nebo\u0165 lid\u00e9 v\u011b\u0159\u00ed na to, \u017ee jsou smrteln\u00ed a s\u00edla Ducha je men\u0161\u00ed ne\u017e s\u00edla zbran\u00ed. Pak se toto st\u00e1v\u00e1 pravdou, i kdy\u017e to Pravdou nen\u00ed. Jenom\u017ee to cel\u00e9 d\u011bl\u00e1me my, lid\u00e9. Sm\u011b\u0159ov\u00e1n\u00edm pozornosti&#8230; <strong>Pozornosti mysli, k nepodstatn\u00e9mu.<\/strong><\/p>\n<p>Ano, r\u00e1da si d\u011bl\u00e1m legraci v tom, \u017ee B\u016fh se postar\u00e1, ale m\u00e1 na to lidi&#8230; A to jsme my!<\/p>\n<p>Lidi, my, jenom\u017ee rozd\u011blen\u00ed, ka\u017ed\u00fd s\u00e1m za sebe, na sv\u00e9m p\u00edse\u010dku..<\/p>\n<p>A to d\u00e1v\u00e1 moc t\u011bm, kte\u0159\u00ed maj\u00ed zbran\u011b&#8230;<\/p>\n<p>Raj\u010data nepomohou&#8230;kdy\u017e na\u0161e vl\u00e1da toto dovol\u00ed&#8230;dovol\u00ed to Ti, je\u017e jsme si zvolili.<\/p>\n<p>Na\u0161e volba, na\u0161e rozhodnut\u00ed, tak pro\u010d raj\u010data.. Na tanky?<\/p>\n<p>Kdy se u\u017e pou\u010d\u00edme?<\/p>\n<p>Vn\u00edm\u00e1m bd\u011blost,dech. Co mohu j\u00e1 v tomto d\u011blat?<\/p>\n<p>Vn\u00edmam, sila Ducha je mocn\u011bj\u0161\u00ed ne\u017e zbran\u011b a tanky. Mo\u017en\u00e1 bude v\u00e1lka, mo\u017en\u00e1 &#8230; Nev\u00edm.<\/p>\n<p>Co je\u0161t\u011b je t\u0159eba, aby se lid\u00e9 probudili? Cht\u011bli vid\u011bt a sly\u0161et Skute\u010dnost?<\/p>\n<p>Spojili se s T\u00edm co je skute\u010dn\u00e9, \u00a0m\u00edsto se siln\u00fdmi spojenci v obrn\u011bn\u00fdch autech?<\/p>\n<p>I kdy\u017e jsou to tak\u00e9 brat\u0159i, jak\u00e1 moc n\u00e1s od sebe d\u011bl\u00ed?<\/p>\n<p>Jak moc mi to p\u0159ipom\u00edna film Avatar&#8230;jen\u017ee tenhle film, ten te\u010f hran\u00fd je mimo pl\u00e1tno filmov\u00e9.<\/p>\n<p>Tenhle film se hraje od 27. 3. do 1. 4. 2015. Hraje se v na\u0161\u00ed republice, kter\u00e1 u\u017e d\u00e1vno neni na\u0161e&#8230;<\/p>\n<p>V\u011b\u0159\u00edm a vn\u00edm\u00e1m s\u00edlu l\u00e1sky Ducha, kter\u00e1 je mocn\u011bj\u0161\u00ed ne\u017e zbran\u011b. A tak setrv\u00e1v\u00e1m, v\u011bdoma si Skute\u010dnosti. To je to, co te\u010f mohu.<br \/>\nA pros\u00edm z cel\u00e9ho Srdce o transformaci v\u0161eho ment\u00e1ln\u00edho smogu vyplaven\u00e9ho z podv\u011bdom\u00ed lid\u00ed, ve spojen\u00ed se zku\u0161enostmi<br \/>\nnejen z let 1938, 1948, 1954,1968, 1969,1989, 2012 a 2015.<\/p>\n<div><span style=\"color: #00ccff;\"><span style=\"color: #00ccff;\">P\u00cdSE\u0147 inspirace k probuzen\u00ed &#8211;\u00a0<span style=\"text-decoration: underline;\"><a style=\"color: #00ccff; text-decoration: underline;\" href=\"https:\/\/www.youtube.com\/watch?v=gpnYdXV4uxs\" target=\"_blank\">Ji\u0159\u00ed Schelinger &#8211; \u0160\u00edpkov\u00e1 r\u016f\u017eenka<\/a><\/span><br \/>\n<\/span><\/span><\/div>\n","protected":false},"excerpt":{"rendered":"<p>Kultivace lidsk\u00e9 mysli (podv\u011bdom\u00ed).. 19. 3. 2015 \u010cL\u00c1NEK &#8211; \u00a0\u010cesk\u00e1 m\u00e9dia vyhro\u017euj\u00ed ob\u010dan\u016fm, aby je odradila od protest\u016f proti j\u00edzd\u011b americk\u00e9 arm\u00e1dy AA Podv\u011bdom\u00ed lid\u00ed je mocn\u00fd n\u00e1stroj mysli, kter\u00fd nekultivov\u00e1n rozt\u00e1\u010d\u00ed st\u00e1le dokola &#8220;opakovanou historii&#8221;. Na jednu stranu objev\u00edme \u0159e\u010d delf\u00edn\u016f a to, \u017ee jsou to na\u0161i brat\u0159i a sestry. Na druhou stranu se [&hellip;]<\/p>\n","protected":false},"author":2,"featured_media":0,"parent":11,"menu_order":0,"comment_status":"closed","ping_status":"closed","template":"","meta":{"footnotes":""},"_links":{"self":[{"href":"https:\/\/www.kalyani.cz\/index.php?rest_route=\/wp\/v2\/pages\/1756"}],"collection":[{"href":"https:\/\/www.kalyani.cz\/index.php?rest_route=\/wp\/v2\/pages"}],"about":[{"href":"https:\/\/www.kalyani.cz\/index.php?rest_route=\/wp\/v2\/types\/page"}],"author":[{"embeddable":true,"href":"https:\/\/www.kalyani.cz\/index.php?rest_route=\/wp\/v2\/users\/2"}],"replies":[{"embeddable":true,"href":"https:\/\/www.kalyani.cz\/index.php?rest_route=%2Fwp%2Fv2%2Fcomments&post=1756"}],"version-history":[{"count":31,"href":"https:\/\/www.kalyani.cz\/index.php?rest_route=\/wp\/v2\/pages\/1756\/revisions"}],"predecessor-version":[{"id":2906,"href":"https:\/\/www.kalyani.cz\/index.php?rest_route=\/wp\/v2\/pages\/1756\/revisions\/2906"}],"up":[{"embeddable":true,"href":"https:\/\/www.kalyani.cz\/index.php?rest_route=\/wp\/v2\/pages\/11"}],"wp:attachment":[{"href":"https:\/\/www.kalyani.cz\/index.php?rest_route=%2Fwp%2Fv2%2Fmedia&parent=1756"}],"curies":[{"name":"wp","href":"https:\/\/api.w.org\/{rel}","templated":true}]}}