{"id":1758,"date":"2015-03-19T11:17:41","date_gmt":"2015-03-19T11:17:41","guid":{"rendered":"http:\/\/www.kalyani.cz\/?page_id=1758"},"modified":"2016-02-28T13:44:04","modified_gmt":"2016-02-28T13:44:04","slug":"20-3-2015","status":"publish","type":"page","link":"https:\/\/www.kalyani.cz\/?page_id=1758","title":{"rendered":"20.3. 2015"},"content":{"rendered":"<h2 style=\"text-align: center;\"><strong><span style=\"color: #00ccff;\">Rovnodennost, nov a zatm\u011bn\u00ed Slunce<br \/>\n<\/span><\/strong><span style=\"color: #00ccff;\">20. 3. 2015<\/span><\/h2>\n<div>Kombinace nebesk\u00fdch t\u011bles a kombinace uv\u011bdom\u011bn\u00ed si <strong>Kdo JSME<\/strong>.<\/div>\n<div>Pracuji na nov\u00e9m projektu a vn\u00edm\u00e1m, jak v\u0161echny planety v jak\u00e9mkoli nastaven\u00ed jsou ve spojen\u00ed,<br \/>\n<strong>je-li i \u010dlov\u011bk &#8220;V\u011bdom\u00ed&#8221;.\u00a0Nen\u00ed, kdo by koho \u0159\u00eddil, je souzn\u011bn\u00ed.<\/strong><\/div>\n<div>\u00a0<span style=\"color: #ffffff;\">AA<\/span><\/div>\n<div>TE\u010e je mi ct\u00ed nechat zn\u00edt v tomto virtu\u00e1ln\u00edm &#8220;m\u00e9m&#8221; prostoru slova Bytost\u00ed, mu\u017e\u016f.<\/div>\n<div>Tak, jak zn\u00ed tato slova Tichem i ve mn\u011b v \u017een\u011b&#8230; TE\u010e.<\/div>\n<div><span style=\"color: #ffffff;\">AA<\/span><\/div>\n<div>V\u00fdzva, podn\u011bt, ot\u00e1zka, humor.<\/div>\n<div><span style=\"color: #ffffff;\">AA<\/span><\/div>\n<div><span style=\"color: #00ccff;\">VIDEO &#8211;<\/span> <span style=\"text-decoration: underline;\"><span style=\"color: #00ccff; text-decoration: underline;\"><a style=\"color: #00ccff; text-decoration: underline;\" href=\"https:\/\/www.youtube.com\/watch?v=OjUg3h59qtQ\" target=\"_blank\">Mooji &#8211; Doopravdy v\u011b\u0159\u00edte?<\/a><\/span><\/span><\/div>\n<div><span style=\"color: #00ccff;\">VIDEO &#8211;<\/span> <span style=\"text-decoration: underline;\"><a style=\"color: #00ccff; text-decoration: underline;\" href=\"https:\/\/www.youtube.com\/watch?v=ZTgkicw-H9k\" target=\"_blank\">Adyashanti &#8211; Jdi a pod\u00edvej se<\/a><\/span><\/div>\n","protected":false},"excerpt":{"rendered":"<p>Rovnodennost, nov a zatm\u011bn\u00ed Slunce 20. 3. 2015 Kombinace nebesk\u00fdch t\u011bles a kombinace uv\u011bdom\u011bn\u00ed si Kdo JSME. Pracuji na nov\u00e9m projektu a vn\u00edm\u00e1m, jak v\u0161echny planety v jak\u00e9mkoli nastaven\u00ed jsou ve spojen\u00ed, je-li i \u010dlov\u011bk &#8220;V\u011bdom\u00ed&#8221;.\u00a0Nen\u00ed, kdo by koho \u0159\u00eddil, je souzn\u011bn\u00ed. \u00a0AA TE\u010e je mi ct\u00ed nechat zn\u00edt v tomto virtu\u00e1ln\u00edm &#8220;m\u00e9m&#8221; prostoru slova [&hellip;]<\/p>\n","protected":false},"author":2,"featured_media":0,"parent":11,"menu_order":0,"comment_status":"closed","ping_status":"closed","template":"","meta":{"footnotes":""},"_links":{"self":[{"href":"https:\/\/www.kalyani.cz\/index.php?rest_route=\/wp\/v2\/pages\/1758"}],"collection":[{"href":"https:\/\/www.kalyani.cz\/index.php?rest_route=\/wp\/v2\/pages"}],"about":[{"href":"https:\/\/www.kalyani.cz\/index.php?rest_route=\/wp\/v2\/types\/page"}],"author":[{"embeddable":true,"href":"https:\/\/www.kalyani.cz\/index.php?rest_route=\/wp\/v2\/users\/2"}],"replies":[{"embeddable":true,"href":"https:\/\/www.kalyani.cz\/index.php?rest_route=%2Fwp%2Fv2%2Fcomments&post=1758"}],"version-history":[{"count":22,"href":"https:\/\/www.kalyani.cz\/index.php?rest_route=\/wp\/v2\/pages\/1758\/revisions"}],"predecessor-version":[{"id":2904,"href":"https:\/\/www.kalyani.cz\/index.php?rest_route=\/wp\/v2\/pages\/1758\/revisions\/2904"}],"up":[{"embeddable":true,"href":"https:\/\/www.kalyani.cz\/index.php?rest_route=\/wp\/v2\/pages\/11"}],"wp:attachment":[{"href":"https:\/\/www.kalyani.cz\/index.php?rest_route=%2Fwp%2Fv2%2Fmedia&parent=1758"}],"curies":[{"name":"wp","href":"https:\/\/api.w.org\/{rel}","templated":true}]}}