{"id":3050,"date":"2016-04-08T06:21:00","date_gmt":"2016-04-08T06:21:00","guid":{"rendered":"http:\/\/www.kalyani.cz\/?page_id=3050"},"modified":"2023-02-17T12:07:31","modified_gmt":"2023-02-17T10:07:31","slug":"o-mne","status":"publish","type":"page","link":"https:\/\/www.kalyani.cz\/?page_id=3050","title":{"rendered":"O mn\u011b"},"content":{"rendered":"<div id=\"AppleMailSignature\" style=\"text-align: center;\"><i>Vetk\u00e1no do slov, nese TO zn\u00e1mku odd\u011blenosti, v\u0161ak s v\u011bdom\u00edm tohoto NIC trvale ve v\u0161em, i odd\u011blenost st\u00e1v\u00e1 se<br \/>\npr\u016fzra\u010dn\u00fdm T\u0159pytem Pr\u00e1zdna<\/i>.<\/div>\n<div id=\"AppleMailSignature\" style=\"text-align: center;\"><strong><i>Sofie Kalyani 8. 4. 2016<\/i><\/strong><\/div>\n<h2 id=\"AppleMailSignature\"><span style=\"color: #ffffff;\">a<\/span><\/h2>\n<div id=\"AppleMailSignature\">\n<h2 style=\"text-align: center;\"><b><span style=\"color: #00ccff;\">Sofie Kalyani Sarras<br \/>\n<\/span><\/b><b><span style=\"color: #ffffff;\">a<\/span>\u00a0<\/b><\/h2>\n<div><b>Ko\u0159eny<img decoding=\"async\" loading=\"lazy\" class=\"alignright size-medium wp-image-3524\" src=\"http:\/\/www.kalyani.cz\/wp-content\/uploads\/2017\/04\/Sofie_allfest-238x300.jpg\" alt=\"Sofie_allfest\" width=\"238\" height=\"300\" srcset=\"https:\/\/www.kalyani.cz\/wp-content\/uploads\/2017\/04\/Sofie_allfest-238x300.jpg 238w, https:\/\/www.kalyani.cz\/wp-content\/uploads\/2017\/04\/Sofie_allfest-600x755.jpg 600w, https:\/\/www.kalyani.cz\/wp-content\/uploads\/2017\/04\/Sofie_allfest.jpg 620w\" sizes=\"(max-width: 238px) 100vw, 238px\" \/><\/b><\/div>\n<div>Po\u010data &#8220;na Du\u0161i\u010dky&#8221; v listopadu 1968 v Kru\u0161n\u00fdch hor\u00e1ch v \u010ceskoslovensk\u00e9 republice.<\/div>\n<div>Inkarnov\u00e1na v\u011bdom\u011b. V\u011bdoma si hv\u011bzdn\u00e9ho v\u011bdom\u00ed a Pr\u00e1zdna &#8220;za&#8221; t\u00edm.<\/div>\n<div>Porozena s pro\u017eitkem bl\u00edzkosti smrti matky, ve znamen\u00ed Raka.<\/div>\n<div>To zajistilo nep\u0159ipoutanost na &#8220;hmotn\u00e9m&#8221;.<\/div>\n<div>D\u011btstv\u00ed pro\u017e\u00edvan\u00e9 v\u011bdom\u011b. Od mala &#8220;sly\u0161\u00ed tr\u00e1vu r\u016fst.&#8221; Tedy &#8211; sly\u0161\u00ed zn\u011bn\u00ed Bytost\u00ed a jejich nalad\u011bnost nebo rozlad\u011bnost na puls Universa. Sly\u0161\u00ed puls Zem\u011b. D\u00fdch\u00e1 v\u011bdom\u011b. Spojen\u00ed s Mistry neduality v dal\u0161\u00edch dimenz\u00edch, str\u00e1\u017eci a ochr\u00e1nci je pro ni p\u0159irozen\u00e9. Sly\u0161\u00ed a n\u00e1sleduje jejich veden\u00ed. &#8220;Spolutvo\u0159\u00ed&#8221; s nimi. Naopak se mus\u00ed u\u010dit, \u017ee pro ostatn\u00ed (t\u0159eba rodi\u010de a kamar\u00e1dy) to p\u0159irozen\u00e9 nen\u00ed. Jasnosly\u0161nost, jasnomluvnost a jasnov\u011bdnost je Dar v rod\u011b. Utajovan\u00fd v r\u00e1mci spole\u010densk\u00e9ho klimatu.<\/div>\n<div>\u010casto intenzivn\u011b v odporu a vzdoru k zab\u011bhl\u00fdm tradic\u00edm.<\/div>\n<\/div>\n<div id=\"AppleMailSignature\">\n<div>\n<div class=\"\" dir=\"auto\">\n<div class=\"\"><b class=\"\"><span class=\"\">Posl\u00e1n\u00ed<\/span>:<\/b><\/div>\n<\/div>\n<p><span class=\"\">Nositelka a str\u00e1\u017ekyn\u011b hv\u011bzdn\u00e9ho k\u00f3du moudrosti, soucitu a \u0159\u00e1du ve spojen\u00ed s Mistry \u017eiv\u00e9 energie.<\/span><\/p>\n<\/div>\n<div><\/div>\n<\/div>\n<div id=\"AppleMailSignature\"><b>Kmen\u00a0<\/b><\/div>\n<div id=\"AppleMailSignature\">S &#8211; soucit, svoboda<\/div>\n<div id=\"AppleMailSignature\">O &#8211; otev\u0159enost, odvaha<\/div>\n<div id=\"AppleMailSignature\">F &#8211; frekvence, funkce<\/div>\n<div id=\"AppleMailSignature\">I \u00a0&#8211; iniciace, inspirace<\/div>\n<div id=\"AppleMailSignature\">E &#8211; estetika, energie<\/div>\n<div id=\"AppleMailSignature\">\u00a0<span style=\"color: #ffffff;\">a<\/span><\/div>\n<div id=\"AppleMailSignature\">\n<div><span class=\"\"><b class=\"\">Koruna &#8211; Jak se projevuje v TE\u010e:<\/b><\/span><\/div>\n<div>\n<ul class=\"\">\n<li class=\"\">Prov\u00e1zen\u00ed meditac\u00ed linie Mistr\u016f Kr\u00e1lovsk\u00e9 j\u00f3gy-Advaity (Neduality) s aktivn\u00ed \u00fa\u010dast\u00ed d\u011bt\u00ed, kde navrac\u00ed odpov\u011bdnost za spiritu\u00e1ln\u00ed (v\u011bdom\u00fd) v\u00fdvoj do rukou = Srdc\u00ed rodin.<\/li>\n<li class=\"\">Zn\u011bn\u00edm-zvukem-slovem. V Prvotn\u00edm zvuku, propojena se st\u0159edem Zem\u011b prov\u00e1z\u00ed iniciacemi, ritu\u00e1ly nesouc\u00edmi transforma\u010dn\u00ed a transcendent\u00e1ln\u00ed zku\u0161enost vedouc\u00ed k samouzdraven\u00ed a samoosvobozen\u00ed.<\/li>\n<li class=\"\">V\u011bdom\u00fdm pohybem, tancem.<\/li>\n<li class=\"\">U\u010d\u00ed z\u0159en\u00ed a v\u011bdomou komunikaci, tzn. i v\u011bdom\u00e9 naslouch\u00e1n\u00ed. Mezilidsk\u00e9 i dal\u0161\u00edch sf\u00e9r i zemsk\u00fdch \u0159\u00ed\u0161\u00ed.<\/li>\n<li class=\"\">V\u011bdom\u011b s \u00factou rebeluje a bour\u00e1 koncepty mysli zvyk\u016f star\u00e9 doby ve sf\u00e9\u0159e osobn\u00ed, rodov\u00e9, n\u00e1rodn\u00ed, spiritu\u00e1ln\u00edch u\u010den\u00ed, kter\u00e9 ji\u017e naplnily svou funkci.\u00a0Star\u00e9 v\u00fdklady &#8220;spiritu\u00e1ln\u00edch&#8221; text\u016f pom\u00e1h\u00e1 p\u0159ekl\u00e1dat srozumiteln\u011b pro dne\u0161n\u00ed dobu.<\/li>\n<li class=\"\">P\u00ed\u0161e ko\u00e1ny a b\u00e1sn\u011b, p\u0159\u00edb\u011bhy. &#8220;Maluje&#8221; modlitby k porodu a um\u00edr\u00e1n\u00ed.<\/li>\n<li class=\"\">Je spolutv\u016frkyn\u00ed nov\u00e9ho paradigmatu &#8211; p\u0159es \u017eivoty :-))).<\/li>\n<li class=\"\">\u0160t\u011bd\u0159e miluje.<\/li>\n<\/ul>\n<div><\/div>\n<div><b>Plody:<\/b><\/div>\n<ul class=\"\">\n<li class=\"\"><span class=\"\">V syst\u00e9mu zdravotnictv\u00ed v dob\u011b revoluce pom\u00e1h\u00e1 zav\u00e1d\u011bt nov\u00e9 standardy v nemocnic\u00edch. Pod\u00edl\u00ed se v r\u00e1mci hospicov\u00e9ho hnut\u00ed na prosazen\u00ed hospicov\u00e9 dom\u00e1c\u00ed p\u00e9\u010de. Prosazuje ideu Logoterapie (Dr. Frankl &#8211; l\u00e9\u010dby smyslem \u017eivota).<\/span><\/li>\n<li class=\"\"><span class=\"\">Iniciuje a je spoluzakladatelkou \u0161koly &#8220;na kole\u010dk\u00e1ch&#8221; Cestou dom\u016f.\u00a0<\/span><\/li>\n<li class=\"\"><span class=\"\">Inici\u00e1torka, spoluautorka a pr\u016fvodkyn\u011b V\u00fdcviku systemick\u00e9 konstelace a spiritu\u00e1ln\u00ed inteligence.<\/span><\/li>\n<li class=\"\"><span class=\"\">Inici\u00e1torka a pr\u016fvodkyn\u011b projektem Sv\u011btlo \u017eeny (12 let), kde vede \u017eeny k v\u011bdom\u00e9mu \u017eivotu a nebojov\u00e1n\u00ed s mu\u017ei.<\/span><\/li>\n<li class=\"\"><span class=\"\">Autorka \u0161koly pro \u017eeny Tanec mystick\u00e9 r\u016f\u017ee.\u00a0<\/span><\/li>\n<li class=\"\"><span class=\"\">Inici\u00e1torka projektu V\u011bdom\u00e9 po\u010det\u00ed.<\/span><\/li>\n<li class=\"\"><span class=\"\">Autorka \u0159ady metod a technik pro p\u0159echod do nov\u00e9 doby. Nap\u0159. Kruh r\u016fstu, \u010cty\u0159i r\u00e1dci, P\u0159ekro\u010den\u00ed horizontu rodi\u010d\u016f, Meditace probouzen\u00ed.<\/span><\/li>\n<\/ul>\n<p><span class=\"\"><b class=\"\">Jak to d\u011bl\u00e1?<br \/>\n<\/b><\/span>V\u011bdoma si ko\u0159en\u016f. T\u00edm, \u017ee ned\u011bl\u00e1, jen v\u011bdom\u011b nech\u00e1, aby se d\u011blo samo. Spo\u010d\u00edv\u00e1 ve v\u011bdom\u00ed NEEXISTENCE V\u0160ECH JEV\u016e.<\/p>\n<\/div>\n<div><b class=\"\">Jak se \u0159\u00edk\u00e1 tomu, kdo je, zde na Zemi?<\/b><\/div>\n<div>Bl\u00e1zen, Um\u011blkyn\u011b, Rebelka,<\/div>\n<div>Kou\u010dka, Facilit\u00e1torka,<\/div>\n<div>Vizion\u00e1\u0159ka, Inici\u00e1torka, Inspir\u00e1torka,<\/div>\n<div>Mistr, V\u011bdma, D\u00e1kin\u00ed, \u0160amanka.<\/div>\n<\/div>\n<div id=\"AppleMailSignature\">Zeptejte se t\u011bch, kte\u0159\u00ed ji za\u017e\u00edvaj\u00ed &#8220;v akci&#8221;.<\/div>\n","protected":false},"excerpt":{"rendered":"<p>Vetk\u00e1no do slov, nese TO zn\u00e1mku odd\u011blenosti, v\u0161ak s v\u011bdom\u00edm tohoto NIC trvale ve v\u0161em, i odd\u011blenost st\u00e1v\u00e1 se pr\u016fzra\u010dn\u00fdm T\u0159pytem Pr\u00e1zdna. Sofie Kalyani 8. 4. 2016 a Sofie Kalyani Sarras a\u00a0 Ko\u0159eny Po\u010data &#8220;na Du\u0161i\u010dky&#8221; v listopadu 1968 v Kru\u0161n\u00fdch hor\u00e1ch v \u010ceskoslovensk\u00e9 republice. Inkarnov\u00e1na v\u011bdom\u011b. V\u011bdoma si hv\u011bzdn\u00e9ho v\u011bdom\u00ed a Pr\u00e1zdna &#8220;za&#8221; t\u00edm. [&hellip;]<\/p>\n","protected":false},"author":2,"featured_media":0,"parent":0,"menu_order":0,"comment_status":"open","ping_status":"open","template":"","meta":{"footnotes":""},"_links":{"self":[{"href":"https:\/\/www.kalyani.cz\/index.php?rest_route=\/wp\/v2\/pages\/3050"}],"collection":[{"href":"https:\/\/www.kalyani.cz\/index.php?rest_route=\/wp\/v2\/pages"}],"about":[{"href":"https:\/\/www.kalyani.cz\/index.php?rest_route=\/wp\/v2\/types\/page"}],"author":[{"embeddable":true,"href":"https:\/\/www.kalyani.cz\/index.php?rest_route=\/wp\/v2\/users\/2"}],"replies":[{"embeddable":true,"href":"https:\/\/www.kalyani.cz\/index.php?rest_route=%2Fwp%2Fv2%2Fcomments&post=3050"}],"version-history":[{"count":22,"href":"https:\/\/www.kalyani.cz\/index.php?rest_route=\/wp\/v2\/pages\/3050\/revisions"}],"predecessor-version":[{"id":8041,"href":"https:\/\/www.kalyani.cz\/index.php?rest_route=\/wp\/v2\/pages\/3050\/revisions\/8041"}],"wp:attachment":[{"href":"https:\/\/www.kalyani.cz\/index.php?rest_route=%2Fwp%2Fv2%2Fmedia&parent=3050"}],"curies":[{"name":"wp","href":"https:\/\/api.w.org\/{rel}","templated":true}]}}