{"id":3558,"date":"2017-04-22T06:39:41","date_gmt":"2017-04-22T06:39:41","guid":{"rendered":"http:\/\/www.kalyani.cz\/?page_id=3558"},"modified":"2023-02-17T11:49:50","modified_gmt":"2023-02-17T09:49:50","slug":"allfestival-2017-nonpublic2","status":"publish","type":"page","link":"https:\/\/www.kalyani.cz\/?page_id=3558","title":{"rendered":"Festival Alchymistick\u00e9 Litom\u011b\u0159ice 2017"},"content":{"rendered":"<h2 style=\"text-align: center;\"><strong><span style=\"color: #00ccff;\">Festival Alchymistick\u00e9 Litom\u011b\u0159ice 2017<\/span><\/strong><br \/>\n<span style=\"color: #ff2e2e;\">27.5.<\/span><span style=\"color: #ff2e2e;\"> 2017, 18:00, Hradn\u00ed s\u00e1l<\/span><\/h2>\n<h2 style=\"text-align: center;\"><strong> <span style=\"color: #00ccff;\"> EVOLUCE &#8211; ALCHYMIE &#8211; Z\u00c1ZRAK<\/span><\/strong><\/h2>\n<h2 style=\"text-align: center;\"><span style=\"color: #ff2e2e;\">Sofie Kalyani Sarras<\/span><br \/>\n<span style=\"color: #ff2e2e;\"> a host: MUDr. Jan \u0160ula<br \/>\n<span style=\"color: #ffffff;\">a<\/span><\/span><\/h2>\n<h6 style=\"text-align: center;\">P\u0159\u00edb\u011bh zdrav\u00ed a nevyl\u00e9\u010diteln\u00e9 nemoci<br \/>\nBiomodula\u010dn\u00ed &#8211; regula\u010dn\u00ed medic\u00edna<br \/>\nNov\u00e9 paradigma &#8211; vize planety Zem\u011b bez nemoc\u00ed<br \/>\nRitu\u00e1l &#8211; l\u00e9\u010den\u00ed &#8220;k\u00f3du nemoci a utrpen\u00ed&#8221;<br \/>\nAktivace pam\u011bti z\u00e1zrak\u016f = absolutn\u00edho zdrav\u00ed<\/h6>\n<h4 style=\"text-align: center;\"><span style=\"color: #00ccff;\">Setk\u00e1n\u00edm Sofie Kalyani a MUDr. Jana \u0160uly v roce 2016 vznikl p\u0159\u00edb\u011bh, kter\u00fd m\u016f\u017ee motivovat \u00a0na cest\u011b ke zdrav\u00ed.\u00a0Spojen\u00ed v\u011bdy a spirituality, pro\u017e\u00edv\u00e1n\u00ed \u00a0lehkosti v nelehk\u00fdch okam\u017eic\u00edch, vz\u00e1jemn\u00e1 d\u016fv\u011bra, objevov\u00e1n\u00ed&#8230; inspirace pro praktick\u00fd vztah\u00a0ke zdrav\u00ed, k \u017eivotu.<\/span><\/h4>\n<h6 style=\"text-align: center;\"><span style=\"color: #333333;\"><strong>Na z\u00e1v\u011br Sofie Kalyani nab\u00edz\u00ed spole\u010dn\u00fd kr\u00e1tk\u00fd ritu\u00e1l pro \u0161t\u011bst\u00ed a uzdraven\u00ed-osvobozen\u00ed<br \/>\nv\u0161ech Bytost\u00ed: &#8220;L\u00e9\u010den\u00ed k\u00f3du\u00a0<\/strong><\/span><strong><span style=\"color: #333333;\">nemoci a utrpen\u00ed a aktivace pam\u011bti z\u00e1zrak\u016f&#8221;.<\/span><br \/>\n<span style=\"color: #ffffff;\">a<\/span><\/strong><\/h6>\n<h6 style=\"text-align: center;\"><strong><span style=\"text-decoration: underline;\"><a href=\"https:\/\/www.youtube.com\/watch?v=tl_nHOxl12w\" target=\"_blank\" rel=\"noopener\"><img decoding=\"async\" loading=\"lazy\" class=\"aligncenter wp-image-3725\" style=\"margin-bottom: 5px;\" src=\"http:\/\/www.kalyani.cz\/wp-content\/uploads\/2017\/04\/Pozvanka_video_thn2-1024x590.jpg\" alt=\"Pozvanka_video_thn2\" width=\"350\" height=\"202\" srcset=\"https:\/\/www.kalyani.cz\/wp-content\/uploads\/2017\/04\/Pozvanka_video_thn2-1024x590.jpg 1024w, https:\/\/www.kalyani.cz\/wp-content\/uploads\/2017\/04\/Pozvanka_video_thn2-300x173.jpg 300w, https:\/\/www.kalyani.cz\/wp-content\/uploads\/2017\/04\/Pozvanka_video_thn2-600x346.jpg 600w, https:\/\/www.kalyani.cz\/wp-content\/uploads\/2017\/04\/Pozvanka_video_thn2.jpg 1280w\" sizes=\"(max-width: 350px) 100vw, 350px\" \/><\/a><\/span><span style=\"color: #00ccff;\">Pozv\u00e1nka na p\u0159edn\u00e1\u0161ku &#8220;Evoluce &#8211; Alchymie &#8211; Z\u00e1zrak&#8221; &#8211; Sofie Kalyani a MUDr. Jan \u0160ula<\/span><\/strong><\/h6>\n<h6 style=\"text-align: center;\"><strong><span style=\"color: #ffffff;\"> a<br \/>\n<\/span><\/strong><\/h6>\n<h2><span style=\"color: #00ccff;\">host p\u0159edn\u00e1\u0161ky<\/span><strong><span style=\"color: #00ccff;\"><br \/>\nMUDr. Jan \u0160ula &#8211; \u010dlen britsk\u00e9 Kr\u00e1lovsk\u00e9 l\u00e9ka\u0159sk\u00e9 spole\u010dnosti<\/span><\/strong><\/h2>\n<div><img decoding=\"async\" loading=\"lazy\" class=\"alignleft wp-image-3659\" style=\"margin-top: 6px; margin-bottom: 30px; margin-right: 20px;\" src=\"http:\/\/www.kalyani.cz\/wp-content\/uploads\/2017\/04\/Sula_Allfest-238x300.jpg\" alt=\"\" width=\"200\" height=\"252\" srcset=\"https:\/\/www.kalyani.cz\/wp-content\/uploads\/2017\/04\/Sula_Allfest-238x300.jpg 238w, https:\/\/www.kalyani.cz\/wp-content\/uploads\/2017\/04\/Sula_Allfest-600x755.jpg 600w, https:\/\/www.kalyani.cz\/wp-content\/uploads\/2017\/04\/Sula_Allfest.jpg 620w\" sizes=\"(max-width: 200px) 100vw, 200px\" \/>L\u00e9ka\u0159 \u010desk\u00e9ho p\u016fvodu trvale \u017eij\u00edc\u00ed v It\u00e1lii.\u00a0Od roku 1995 se v\u011bnuje integrativn\u00ed medic\u00edn\u011b a jej\u00edmu zav\u00e1d\u011bn\u00ed do praxe zdravotnick\u00fdch za\u0159\u00edzen\u00ed. Od roku 2004 se zab\u00fdv\u00e1 v\u00fdzkumem terapie autoimunitn\u00edch onemocn\u011bn\u00ed metodami integrativn\u00ed medic\u00edny s d\u016frazem na psychickou slo\u017eku jako prim\u00e1rn\u00ed p\u0159\u00ed\u010dinu rozvoje onemocn\u011bn\u00ed.<\/div>\n<div>\u00a0<span style=\"color: #ffffff;\">a<\/span><\/div>\n<div><span style=\"text-decoration: underline;\"><span style=\"color: #00ccff; text-decoration: underline;\"><a style=\"color: #00ccff; text-decoration: underline;\" href=\"http:\/\/endala.cz\/mudr-jan-sula\/\" target=\"_blank\" rel=\"noopener\">V\u00edce o MUDr. Jan \u0160ula zde..<\/a><\/span><\/span><\/div>\n<div><a href=\"https:\/\/www.youtube.com\/watch?v=Bfy3EOAlHYM\" target=\"_blank\" rel=\"noopener\"><span style=\"text-decoration: underline;\"><span style=\"color: #00ccff; text-decoration: underline;\">VIDEO: MUDr. Jan \u0160ula v show Jana Krause<\/span><\/span><\/a><\/div>\n<div><span style=\"color: #ffffff;\">a<\/span><\/div>\n<div><span style=\"color: #ffffff;\">a<\/span><\/div>\n<div><span style=\"color: #ffffff;\">a<\/span><\/div>\n<div><span style=\"color: #ffffff;\">a<\/span><\/div>\n<h6><span style=\"color: #ffffff;\">a<\/span><\/h6>\n<div>\n<h6><span style=\"color: #ffffff;\">a<\/span><\/h6>\n<h6><span style=\"color: #ffffff;\">a<\/span><\/h6>\n<div id=\"AppleMailSignature\"><\/div>\n<\/div>\n<div id=\"AppleMailSignature\">\n<h2><b><span style=\"color: #00ccff;\">Sofie Kalyani Sarras &#8211; Mystika, Kr\u00e1lovsk\u00e1 j\u00f3ga-Advaita, Dzogchen<\/span>\u00a0\u00a0<\/b><\/h2>\n<div><b><img decoding=\"async\" loading=\"lazy\" class=\"alignleft wp-image-3524\" style=\"margin: 8px 20px 30px 0px;\" src=\"http:\/\/www.kalyani.cz\/wp-content\/uploads\/2017\/04\/Sofie_allfest.jpg\" alt=\"Sofie_allfest\" width=\"200\" height=\"252\" srcset=\"https:\/\/www.kalyani.cz\/wp-content\/uploads\/2017\/04\/Sofie_allfest.jpg 620w, https:\/\/www.kalyani.cz\/wp-content\/uploads\/2017\/04\/Sofie_allfest-238x300.jpg 238w, https:\/\/www.kalyani.cz\/wp-content\/uploads\/2017\/04\/Sofie_allfest-600x755.jpg 600w\" sizes=\"(max-width: 200px) 100vw, 200px\" \/><\/b>Nositelka a str\u00e1\u017ekyn\u011b hv\u011bzdn\u00e9ho k\u00f3du moudrosti, soucitu a \u0159\u00e1du ve spojen\u00ed s Mistry \u017eiv\u00e9 energie. Je spolutv\u016frkyn\u00ed nov\u00e9ho paradigmatu. V Prvotn\u00edm zvuku, propojena se st\u0159edem Zem\u011b, prov\u00e1z\u00ed iniciacemi, ritu\u00e1ly nesouc\u00edmi transforma\u010dn\u00ed a transcendent\u00e1ln\u00ed zku\u0161enost vedouc\u00ed k samouzdraven\u00ed a samoosvobozen\u00ed.<\/div>\n<div><span style=\"color: #ffffff;\">a<\/span><\/div>\n<\/div>\n<div id=\"AppleMailSignature\">\n<div class=\"\" dir=\"auto\">\n<div class=\"\"><a style=\"color: #00ccff; text-decoration: underline;\" title=\"O mn\u011b\" href=\"http:\/\/www.kalyani.cz\/?page_id=3050\" target=\"_blank\" rel=\"noopener\">V\u00edce o Sofii Kalyani Sarras zde..<\/a><\/div>\n<p><span style=\"text-decoration: underline;\"><span style=\"color: #00ccff; text-decoration: underline;\"><a style=\"color: #00ccff; text-decoration: underline;\" title=\"Rozhovor pro \u010dasopis AllFestival 2017\" href=\"http:\/\/www.kalyani.cz\/?page_id=3536\" target=\"_blank\" rel=\"noopener\">Rozhovor se Soffi\u00ed Kalyani, kter\u00fd vzniknul pro \u010dasopis AllFestivalu..<\/a><\/span><\/span><\/p>\n<h3><span style=\"color: #ffffff;\">\u00a0<\/span><\/h3>\n<div id=\"AppleMailSignature\">\n<div class=\"\" dir=\"auto\">\n<h3><span style=\"color: #ffffff;\">a)<\/span><\/h3>\n<div id=\"AppleMailSignature\">\n<div class=\"\" dir=\"auto\">\n<h3><span style=\"color: #ffffff;\">A<\/span><br \/>\n<span style=\"color: #ffffff;\">a<\/span><\/h3>\n<p><span style=\"color: #ffffff;\">a<\/span><\/p>\n<\/div>\n<\/div>\n<\/div>\n<\/div>\n<\/div>\n<\/div>\n<h4 style=\"text-align: center;\"><span style=\"color: #ffffff;\"><span style=\"text-decoration: underline; color: #00ccff;\"><strong><a style=\"color: #00ccff; text-decoration: underline;\" href=\"http:\/\/2017.allfestival.cz\/\" target=\"_blank\" rel=\"noopener\">Str\u00e1nky ALLfestival 2017<br \/>\n<\/a><\/strong><\/span><strong><a style=\"color: #ffffff;\" href=\"http:\/\/2017.allfestival.cz\/#schedule\" target=\"_blank\" rel=\"noopener\"><span style=\"text-decoration: underline; color: #00ccff;\">Podrobn\u00fd program festivalu<\/span><br \/>\n<\/a><\/strong><\/span><\/h4>\n<div id=\"AppleMailSignature\">\n<h4 style=\"text-align: center;\"><span style=\"color: #333333;\">Za podpory<\/span> <span style=\"text-decoration: underline;\"><a href=\"http:\/\/www.pravydomaci.cz\" target=\"_blank\" rel=\"noopener\"><span style=\"color: #00ccff; text-decoration: underline;\">Prav\u00e9ho dom\u00e1c\u00edho \u010dasopisu.<\/span><\/a><\/span><\/h4>\n<h2 style=\"text-align: center;\"><span style=\"color: #ffffff;\">a<\/span><\/h2>\n<\/div>\n","protected":false},"excerpt":{"rendered":"<p>Festival Alchymistick\u00e9 Litom\u011b\u0159ice 2017 27.5. 2017, 18:00, Hradn\u00ed s\u00e1l EVOLUCE &#8211; ALCHYMIE &#8211; Z\u00c1ZRAK Sofie Kalyani Sarras a host: MUDr. Jan \u0160ula a P\u0159\u00edb\u011bh zdrav\u00ed a nevyl\u00e9\u010diteln\u00e9 nemoci Biomodula\u010dn\u00ed &#8211; regula\u010dn\u00ed medic\u00edna Nov\u00e9 paradigma &#8211; vize planety Zem\u011b bez nemoc\u00ed Ritu\u00e1l &#8211; l\u00e9\u010den\u00ed &#8220;k\u00f3du nemoci a utrpen\u00ed&#8221; Aktivace pam\u011bti z\u00e1zrak\u016f = absolutn\u00edho zdrav\u00ed Setk\u00e1n\u00edm Sofie [&hellip;]<\/p>\n","protected":false},"author":2,"featured_media":0,"parent":0,"menu_order":0,"comment_status":"open","ping_status":"open","template":"template_fullwidth.php","meta":{"footnotes":""},"_links":{"self":[{"href":"https:\/\/www.kalyani.cz\/index.php?rest_route=\/wp\/v2\/pages\/3558"}],"collection":[{"href":"https:\/\/www.kalyani.cz\/index.php?rest_route=\/wp\/v2\/pages"}],"about":[{"href":"https:\/\/www.kalyani.cz\/index.php?rest_route=\/wp\/v2\/types\/page"}],"author":[{"embeddable":true,"href":"https:\/\/www.kalyani.cz\/index.php?rest_route=\/wp\/v2\/users\/2"}],"replies":[{"embeddable":true,"href":"https:\/\/www.kalyani.cz\/index.php?rest_route=%2Fwp%2Fv2%2Fcomments&post=3558"}],"version-history":[{"count":103,"href":"https:\/\/www.kalyani.cz\/index.php?rest_route=\/wp\/v2\/pages\/3558\/revisions"}],"predecessor-version":[{"id":8029,"href":"https:\/\/www.kalyani.cz\/index.php?rest_route=\/wp\/v2\/pages\/3558\/revisions\/8029"}],"wp:attachment":[{"href":"https:\/\/www.kalyani.cz\/index.php?rest_route=%2Fwp%2Fv2%2Fmedia&parent=3558"}],"curies":[{"name":"wp","href":"https:\/\/api.w.org\/{rel}","templated":true}]}}