{"id":3923,"date":"2018-01-11T03:41:28","date_gmt":"2018-01-11T03:41:28","guid":{"rendered":"http:\/\/www.kalyani.cz\/?page_id=3923"},"modified":"2018-01-11T13:42:36","modified_gmt":"2018-01-11T13:42:36","slug":"10-1-2018","status":"publish","type":"page","link":"https:\/\/www.kalyani.cz\/?page_id=3923","title":{"rendered":"10.1.2018"},"content":{"rendered":"<h2 style=\"text-align: center;\"><span style=\"color: #00ccff;\">Volba prezidenta 2018<\/span><\/h2>\n<p>10.1.2018<\/p>\n<p><a href=\"http:\/\/www.kalyani.cz\/wp-content\/uploads\/2018\/01\/image1-2.jpeg\"><img decoding=\"async\" loading=\"lazy\" class=\"alignnone wp-image-3924 size-large\" src=\"http:\/\/www.kalyani.cz\/wp-content\/uploads\/2018\/01\/image1-2-1024x389.jpeg\" alt=\"Volba prezidenta\" width=\"590\" height=\"224\" srcset=\"https:\/\/www.kalyani.cz\/wp-content\/uploads\/2018\/01\/image1-2-1024x389.jpeg 1024w, https:\/\/www.kalyani.cz\/wp-content\/uploads\/2018\/01\/image1-2-300x114.jpeg 300w, https:\/\/www.kalyani.cz\/wp-content\/uploads\/2018\/01\/image1-2-600x228.jpeg 600w\" sizes=\"(max-width: 590px) 100vw, 590px\" \/><\/a><\/p>\n<p>&nbsp;<\/p>\n<p><em>Prezident Zeman m\u00e1 dlouhodobou podporu mezi lidmi, kte\u0159\u00ed maj\u00ed pocit, \u017ee prohr\u00e1li polistopadovou etapu. Um\u00edm si p\u0159edstavit variantu, \u017ee p\u0159i n\u00edzk\u00e9 volebn\u00ed \u00fa\u010dasti m\u016f\u017ee vyhr\u00e1t u\u017e v prvn\u00edm kole, \u0159\u00edk\u00e1\u00a0<strong>Josef \u0160lerka<\/strong>, datov\u00fd analytik a \u0161\u00e9f Nada\u010dn\u00edho fondu nez\u00e1visl\u00e9 \u017eurnalistiky.<\/em><br \/>\nPros\u00edm, b\u011b\u017ete 12. &#8211; 13. ledna\u00a0volit, a\u0165 se nemus\u00edme za sv\u00e9ho prezidenta dal\u0161\u00ed 4 roky styd\u011bt\u2026 Libor Mal\u00fd<\/p>\n<p>Kdy\u017e mi p\u0159i\u0161la tato slova v e-mailu od \u201cm\u00e9ho\u201d mu\u017ee Libora, c\u00edtila jsem velk\u00e9 pohnut\u00ed.<br \/>\nJakoby cosi v centru m\u011b \u010dekalo na tuto i napsanou v\u00fdzvu, na ten krok mu\u017ee, kter\u00fd je si v\u011bdom. Netla\u010d\u00ed, nebojuje, ale NEML\u010c\u00cd. Poukazuje jemn\u011b jako vizion\u00e1\u0159 a d\u00e1v\u00e1 prostor.<br \/>\nVe mn\u011b, \u017een\u011b, vn\u00edmaj\u00edc\u00ed hlubok\u00e9 souvislosti, souc\u00edt\u00edc\u00ed, se objevila slova, rozv\u00edjej\u00edc\u00ed ta p\u0159edchoz\u00ed. Ta V\u00e1m te\u010f nab\u00edz\u00edm.<br \/>\nMoje vyj\u00e1d\u0159en\u00ed k volb\u00e1m.<\/p>\n<p>Mo\u017en\u00e1 se zaob\u00edr\u00e1te ot\u00e1zkou: \u201cKoho m\u00e1m volit? Komu d\u00e1t sv\u016fj hlas?\u201d<br \/>\nA Va\u0161e pozornost se up\u00edn\u00e1 k jednotliv\u00fdm kandid\u00e1t\u016fm. Na jejich projev, stabilitu, kultivovanost, p\u0159ehled. Snad i stav zdrav\u00ed a moudrosti.<br \/>\nN\u011bkomu z V\u00e1s se mo\u017en\u00e1 ukazuje jeho vize, jak by vlastn\u011b m\u011bl prezident vypadat, p\u016fsobit? Mo\u017en\u00e1 se n\u011bkdo z V\u00e1s zastav\u00ed a zamysl\u00ed nad viz\u00ed prezidenta. D\u00e1 si \u010das se opravdu vc\u00edtit a vn\u00edmat, co nab\u00edz\u00ed VOLBA PREZIDENTA. A nebo ani ne, a jen se zam\u011b\u0159\u00ed na nab\u00edzen\u00fd v\u00fdb\u011br kandid\u00e1t\u016f. S pocitem &#8211; tak je to dan\u00e9.<br \/>\nKolik lid\u00ed jde volit a uv\u011bdomuje si VOLBU?<br \/>\nKolik lid\u00ed jde volit a uv\u011bdomuje si MO\u017dNOST ZM\u011aNY?<br \/>\nKolik lid\u00ed jde volit a uv\u011bdomuje si DANOST A SETRVA\u010cNOST?<br \/>\nKolik lid\u00ed jde volit a mysl\u00ed p\u0159itom na SOUVISLOSTI?<br \/>\nKolik lid\u00ed jde volit a uv\u011bdomuje si SVOBODU VOLBY?<br \/>\nKolik lid\u00ed jde volit a uv\u011bdomuje si PR\u00c1VO VOLIT?<br \/>\nKolik lid\u00ed jde volit a uv\u011bdomuje si jak\u00fdm DAREM je mo\u017enost volit.<br \/>\nI kdy\u017e to cel\u00e9 rozhodov\u00e1n\u00ed a volen\u00ed v dne\u0161n\u00edch dnech je mo\u017en\u00e9 vn\u00edmat jako marn\u00e9 a beze smyslu.<br \/>\nM\u016f\u017ee se to tak leckomu jevit.<br \/>\nJak\u00fd je m\u016fj pohled?<br \/>\nJe dan\u00fd m\u00fdm \u00fahlem vn\u00edm\u00e1n\u00ed. Vn\u00edm\u00e1m ka\u017edou lidskou Bytost jako svobodnou a sv\u00e9pr\u00e1vnou. S r\u016fzn\u00fdm stupn\u011bm rozvinut\u00e9 moudrosti, Pozn\u00e1n\u00ed. \u00a0Vn\u00edm\u00e1m v \u0161irok\u00e9m kontextu planet\u00e1rn\u00edho v\u00fdvoje. Evolu\u010dn\u00edho skoku.<br \/>\nJsme Bytosti pohybuj\u00edc\u00ed se v r\u00e1mci r\u016fzn\u00fdch systemick\u00fdch celk\u016f. Se sv\u00fdmi schopnostmi, kompetencemi, odpov\u011bdnost\u00ed a hodnotou. A tak\u00e9 identitou. Identitou \u010cLOV\u011aK.<br \/>\nV r\u00e1mci ji\u017e nastaven\u00fdch mezin\u00e1rodn\u00edch i vnitron\u00e1rodn\u00edch vztah\u016f, je v sou\u010dasnosti pro mne volba prezidenta pr\u00e1v\u011b o uv\u011bdom\u011bn\u00ed si hodnoty \u010dlov\u011bka ve spole\u010dnosti a jeho funkce. Funkce produkovat ze sebe moudrost, setrv\u00e1vat v jist\u00e9m nadhledu a rozhodovat se pro nejvy\u0161\u0161\u00ed dobro v\u0161ech Bytost\u00ed. Je to znovu o uv\u011bdom\u011bn\u00ed si toho, zda forma, kterou politick\u00e1 struktura nab\u00edz\u00ed, je opravdu odpov\u00eddaj\u00edc\u00ed pot\u0159eb\u00e1m sou\u010dasn\u00e9 spole\u010dnosti.<br \/>\nZda \u201cZVYK\u201d mezin\u00e1rodn\u00edho vn\u00edm\u00e1n\u00ed politick\u00e9 struktury ka\u017ed\u00e9ho st\u00e1tu st\u00e1le je\u0161t\u011b odpov\u00edd\u00e1 v\u00fdvoji lidstva. A p\u0159in\u00e1\u0161\u00ed opravdu mo\u017enost v\u00fdvoje, svobody a r\u016fstu \u010cLOV\u011aKA.<br \/>\nProto\u017ee pokud si dob\u0159e uv\u011bdomuji, cel\u00e1 politick\u00e1 sc\u00e9na se honos\u00ed t\u00e9maty jako je zdrav\u00ed lid\u00ed, ekonomick\u00e1 stabilita, soci\u00e1ln\u00ed jistoty, ochrana st\u00e1tu.<br \/>\nTo v\u0161e je p\u0159ece pro LIDI. Kdyby nebylo \u010cLOV\u011aKA, nebude ani st\u00e1t, ani politika, ani prezident.<br \/>\nA odtud je mo\u017en\u00e9 za\u010d\u00edt vn\u00edmat VOLBU PREZIDENTA.<br \/>\nU\u017e to, jak samoz\u0159ejm\u011b jsou navrhov\u00e1ni v r\u00e1mci kandid\u00e1t\u016f na prezidenta mu\u017ei. Ani jedna \u017eena. P\u0159edstavov\u00e1n\u00ed a debaty jsou vedeny jen s mu\u017ei. Jak\u00e1 je \u00faloha \u017een t\u011bchto mu\u017e\u016f?<br \/>\nPro\u010d se ve\u0159ejn\u011b nep\u0159edstav\u00ed cel\u00fd p\u00e1r?<br \/>\nV\u0161ichni kandid\u00e1ti se soust\u0159ed\u00ed na ochranu st\u00e1tu. Co\u017e je nyn\u00ed nevyhnuteln\u00e9. U mu\u017e\u016f. Je to jejich funkce.<\/p>\n<p>Co v\u0161ak je opravdovou ochranou st\u00e1tu?<br \/>\nJsou to vnit\u0159n\u011b stabiln\u00ed a odpov\u011bdn\u00ed lid\u00e9. Jsou to moudr\u00e9 a sebev\u011bdom\u00e9 Bytosti, vychovan\u00e9 v respektu a \u00fact\u011b. Schopni spolu komunikovat, v\u00e9st dialog a podporovat se. SOUC\u00cdTIT. Jsou to na\u0161e d\u011bti, kter\u00e9 jsou po\u010dat\u00e9, porozen\u00e9 a vychov\u00e1van\u00e9 v\u011bdom\u011b. Jsou to na\u0161i rodi\u010de a prarodi\u010de, p\u0159edci, kte\u0159\u00ed maj\u00ed d\u00e1v\u00e1nu dostate\u010dnou \u00factu a maj\u00ed zaji\u0161t\u011bn d\u016fstojn\u00fd odchod ze \u017eivota na \u201cdruh\u00fd\u201d b\u0159eh.<br \/>\nJsou to lid\u00e9 vychov\u00e1van\u00ed v jasnosti s\u00edly jejich schopnost\u00ed a dar\u016f. Jsou to lid\u00e9 vychov\u00e1van\u00ed beze strachu. Bez strachu z boje o hol\u00fd \u017eivot a p\u0159e\u017eit\u00ed.<br \/>\nJsou to lid\u00e9 posilovan\u00ed v jejich sebed\u016fv\u011b\u0159e a s podporou projevu jejich moudrosti. Ve vytv\u00e1\u0159en\u00ed prostoru pro pro\u017e\u00edv\u00e1n\u00ed vnit\u0159n\u00ed a vn\u011bj\u0161\u00ed harmonie.<br \/>\nJe to \u010cLOV\u011aK, kter\u00fd pro\u017e\u00edv\u00e1 naplno a ve\u0159ejn\u011b kontakt se svou Podstatou. Kter\u00fd m\u00e1 d\u016fv\u011bru v samoosvobozuj\u00edc\u00ed a samoutv\u00e1\u0159ec\u00ed princip universa. \u010clov\u011bk, kter\u00fd s d\u016fv\u011brou a vnit\u0159n\u00ed jasnost\u00ed d\u00e1 kompetenci sv\u00e9mu \u201ckolegovi, kolegyni\u201d prezidentovi, prezidentce&#8230; \u010di ob\u011bma&#8230; prezidentsk\u00e9mu p\u00e1ru, aby v jejich jm\u00e9n\u011b jednali.<br \/>\nPro nejvy\u0161\u0161\u00ed dobro v\u0161ech c\u00edt\u00edc\u00edch Bytost\u00ed.<\/p>\n<p>Proto jsou leto\u0161n\u00ed volby pro mne hlavn\u011b vyj\u00e1d\u0159en\u00edm svobody volby-pohybu a pozornosti.<br \/>\nJ\u00edt a pohnout se. Ka\u017ed\u00fd z n\u00e1s se pohnout a vyj\u00e1d\u0159it, \u017ee toho jsme schopni. \u017de jsme schopni volby. V\u00edm, \u017ee v t\u011bchto volb\u00e1ch nejde o to vybrat a rozhodnout, kdo je ten prav\u00fd prezident. Ale jde o to se jasn\u011b projevit. D\u00e1t do pole neomezen\u00fdch mo\u017enost\u00ed tu informaci toho, co si p\u0159ejeme, \u017ee d\u016fv\u011b\u0159ujeme sv\u00e9 s\u00edle volit. Ud\u011blat ten krok. A d\u016fv\u011b\u0159ovat, \u017ee na\u0161e rozhodnut\u00ed bude to nejmoud\u0159ej\u0161\u00ed pro te\u010f. \u017de sami sebe vn\u00edm\u00e1me jako tv\u016frce t\u00e9to situace, ne jako jej\u00ed ob\u011bti. \u017de \u010dlov\u011bk jako moudr\u00e1 v\u00edcedimenzion\u00e1ln\u00ed Bytost, nen\u00ed zajatcem strachu, marnosti a lenosti. \u017de \u010dlov\u011bk m\u00e1 schopnost sm\u011b\u0159ovat pozornost a to mu d\u00e1v\u00e1 VOLBU.<br \/>\n<img decoding=\"async\" src=\"https:\/\/ssl.gstatic.com\/ui\/v1\/icons\/mail\/images\/cleardot.gif\" alt=\"\" data-cke-saved-src=\"https:\/\/ssl.gstatic.com\/ui\/v1\/icons\/mail\/images\/cleardot.gif\" \/><\/p>\n<p>P\u0159eji n\u00e1m v\u0161em s\u00edlu a odvahu ke kon\u00e1n\u00ed, jemnost k vn\u00edm\u00e1n\u00ed hloubky \u0161ance a mo\u017enost\u00ed, kter\u00e9 jsou n\u00e1m jako v\u00fdzvy p\u0159edkl\u00e1d\u00e1ny. Dovolme si projevit sv\u016fj z\u00e1m\u011br. Z\u00e1m\u011br vn\u00edm\u00e1n\u00ed \u017eivota \u010cLOV\u011aKA, m\u00edsto ekonomick\u00e9ho rozvoje, ovl\u00e1d\u00e1n\u00ed, boje a rozv\u00edjen\u00ed informac\u00ed strachu a p\u0159e\u017eit\u00ed.<br \/>\nVN\u00cdMEJME SOUVISLOSTI.<\/p>\n<p><a href=\"https:\/\/www.cesitibetpodporuji.cz\/tibetsky-test-pristiho-prezidenta\/\" target=\"_blank\">Tibestk\u00fd test pro p\u0159\u00ed\u0161t\u00edho prezidenta<\/a><\/p>\n<p>&nbsp;<\/p>\n<p><strong>Sofie Kalyani<\/strong><br \/>\n<em>&#8220;V p\u0159\u00e1n\u00ed \u0160t\u011bst\u00ed v\u0161em Bytostem.&#8221;<\/em><\/p>\n","protected":false},"excerpt":{"rendered":"<p>Volba prezidenta 2018 10.1.2018 &nbsp; Prezident Zeman m\u00e1 dlouhodobou podporu mezi lidmi, kte\u0159\u00ed maj\u00ed pocit, \u017ee prohr\u00e1li polistopadovou etapu. Um\u00edm si p\u0159edstavit variantu, \u017ee p\u0159i n\u00edzk\u00e9 volebn\u00ed \u00fa\u010dasti m\u016f\u017ee vyhr\u00e1t u\u017e v prvn\u00edm kole, \u0159\u00edk\u00e1\u00a0Josef \u0160lerka, datov\u00fd analytik a \u0161\u00e9f Nada\u010dn\u00edho fondu nez\u00e1visl\u00e9 \u017eurnalistiky. Pros\u00edm, b\u011b\u017ete 12. &#8211; 13. ledna\u00a0volit, a\u0165 se nemus\u00edme za sv\u00e9ho [&hellip;]<\/p>\n","protected":false},"author":5,"featured_media":0,"parent":11,"menu_order":0,"comment_status":"open","ping_status":"open","template":"","meta":{"footnotes":""},"_links":{"self":[{"href":"https:\/\/www.kalyani.cz\/index.php?rest_route=\/wp\/v2\/pages\/3923"}],"collection":[{"href":"https:\/\/www.kalyani.cz\/index.php?rest_route=\/wp\/v2\/pages"}],"about":[{"href":"https:\/\/www.kalyani.cz\/index.php?rest_route=\/wp\/v2\/types\/page"}],"author":[{"embeddable":true,"href":"https:\/\/www.kalyani.cz\/index.php?rest_route=\/wp\/v2\/users\/5"}],"replies":[{"embeddable":true,"href":"https:\/\/www.kalyani.cz\/index.php?rest_route=%2Fwp%2Fv2%2Fcomments&post=3923"}],"version-history":[{"count":3,"href":"https:\/\/www.kalyani.cz\/index.php?rest_route=\/wp\/v2\/pages\/3923\/revisions"}],"predecessor-version":[{"id":3936,"href":"https:\/\/www.kalyani.cz\/index.php?rest_route=\/wp\/v2\/pages\/3923\/revisions\/3936"}],"up":[{"embeddable":true,"href":"https:\/\/www.kalyani.cz\/index.php?rest_route=\/wp\/v2\/pages\/11"}],"wp:attachment":[{"href":"https:\/\/www.kalyani.cz\/index.php?rest_route=%2Fwp%2Fv2%2Fmedia&parent=3923"}],"curies":[{"name":"wp","href":"https:\/\/api.w.org\/{rel}","templated":true}]}}