{"id":3938,"date":"2018-01-23T18:24:27","date_gmt":"2018-01-23T18:24:27","guid":{"rendered":"http:\/\/www.kalyani.cz\/?page_id=3938"},"modified":"2018-01-23T18:24:27","modified_gmt":"2018-01-23T18:24:27","slug":"23-1-2018","status":"publish","type":"page","link":"https:\/\/www.kalyani.cz\/?page_id=3938","title":{"rendered":"23.1.2018"},"content":{"rendered":"<h2 style=\"text-align: center;\"><span style=\"color: #00ccff;\">Volba prezidenta 2018 &#8211; 2. kolo<\/span><\/h2>\n<p>23.1.2018<\/p>\n<p style=\"text-align: left;\">\n<p><img decoding=\"async\" loading=\"lazy\" class=\"alignleft wp-image-3939 \" style=\"margin-bottom: 5px; margin-right: 10px;\" src=\"http:\/\/www.kalyani.cz\/wp-content\/uploads\/2018\/01\/image1-4-200x300.jpeg\" alt=\"\" width=\"216\" height=\"324\" srcset=\"https:\/\/www.kalyani.cz\/wp-content\/uploads\/2018\/01\/image1-4-200x300.jpeg 200w, https:\/\/www.kalyani.cz\/wp-content\/uploads\/2018\/01\/image1-4.jpeg 480w\" sizes=\"(max-width: 216px) 100vw, 216px\" \/><\/p>\n<p><em>VOLBA,<\/em><\/p>\n<p>m\u016fj subjektivn\u00ed vhled jde z velk\u00e9 hloubky a odtud pramen\u00ed slova k zamy\u0161len\u00ed&#8230;(viz. i p\u0159edchoz\u00ed vhled z prvn\u00edho kola).<\/p>\n<p>VOL\u00cdM ODVAHU, NEBO STRACH?<br \/>\nVOL\u00cdM ROVNOST, NEBO POK\u0158IVENOST?<br \/>\nVOL\u00cdM NADHLED A KLID, NEBO STAV P\u0158E\u017dIT\u00cd?<br \/>\nVOL\u00cdM ODPOV\u011aDNOST, NEBO \u201cA\u0164 SE O M\u011a N\u011aKDO POSTAR\u00c1&#8221;?<\/p>\n<p>N\u00e1rod, jeho\u017e prezidenta pr\u00e1v\u011b vol\u00edme, je n\u00e1rodem st\u0159edoevropsk\u00fdm. S pohnutou histori\u00ed, se zvykem \u201c\u0161vejkovat\u201d, se zvykem d\u011blat si co chci, hlavn\u011b a\u0165 se o tom nev\u00ed.<br \/>\nN\u00e1\u0161 st\u0159edoevropsk\u00fd d\u00e1vn\u00fd\u00a0<strong>DAR jasnovidectv\u00ed \u00a0a dar moudrosti a nadhledu<\/strong>\u00a0byl po dlouhou dobu NEVID\u011aN, P\u0158EHL\u00cd\u017dEN A TAK\u00c9 TAJEN.<\/p>\n<p>DAR VID\u011aT A VN\u00cdMAT JASN\u011a SOUVISLOSTI.<br \/>\nTohoto daru st\u0159edoevropsk\u00e9ho prostoru jen m\u00e1lo jsme si v\u011bdomi. Nevyu\u017e\u00edv\u00e1me ho pro nejvy\u0161\u0161\u00ed dobro sv\u00e9 i druh\u00fdch&#8230;<\/p>\n<p>P\u0159esto, p\u0159ed 100 lety byla zalo\u017eena republika. A v \u010dele d\u016fstojn\u00fd odpov\u011bdn\u00fd ROVN\u00dd prezident. T.G.Masaryk.<\/p>\n<p>N\u00e1rod\u00a0od t\u00e9 doby pro\u0161el hlubok\u00fdmi zku\u0161enostmi. Za\u017eil vzlety i p\u00e1dy. Za\u017eil podporu i zradu. Za\u017eil&#8230;<br \/>\nZa\u017eil a t\u00edm roste&#8230;n\u00e1rod se NAROVN\u00c1V\u00c1!<\/p>\n<p><strong>Kdo je n\u00e1rod a st\u00e1t? Lid\u00e9.<\/strong><br \/>\n<strong> Kdo je prezident? Symbol. Ikona n\u00e1roda.<\/strong><br \/>\n<strong> Jak\u00e9 kompetence m\u00e1 prezident?<\/strong><br \/>\n<strong> OPRAVDU M\u00c1 TAKOV\u00c9 KOMPETENCE, KOLIK MU JICH JAKO LID\u00c9 PROP\u016eJ\u010cUJEME?<\/strong><br \/>\n<strong> KOLIK SI JICH NA N\u011aJ PROJEKTUJEME, ANI\u017d BYCHOM JE OPRAVDU ZNALI?<\/strong><\/p>\n<p><strong>Kdo opravdu rozhoduje o na\u0161ich hranic\u00edch?<\/strong><br \/>\n<strong> Kdo opravdu rozhoduje o bezpe\u010dnosti n\u00e1roda?<\/strong><br \/>\n<strong> Dnes v roce 2018?<\/strong><br \/>\n100 let od vzniku prvn\u00ed \u010desko-slovensk\u00e9 republiky v roce 1918.<br \/>\n80 let od vzniku druh\u00e9 \u010deskoslovensk\u00e9 republiky v roce 1938.<br \/>\n70 let od roku 1948 &#8211; komunistick\u00e9ho st\u00e1tu.<br \/>\n50 let od roku 1968 &#8211; \u201cpomoci p\u0159\u00e1telsk\u00fdch\u201d vojsk.<br \/>\n30 let od roku 1988 &#8211; od roku, kdy za\u010dala b\u00fdt vn\u00edmateln\u00e1\u00a0bl\u00edzkost zm\u011bny projeven\u00e1 v roce 1989 sametovou revoluc\u00ed.<br \/>\n<strong>N\u00c1ROD SE NAROVN\u00c1V\u00c1&#8230; A ZA\u010c\u00cdN\u00c1 P\u0158IJ\u00cdMAT SV\u016eJ D\u00c1VN\u00dd DAR.<\/strong><\/p>\n<p><strong>KDO ROZHODUJE O BEZPE\u010cNOSTI N\u00c1RODA? Opravdu na to m\u00e1 vliv prezident jak\u00e9koli republiky \u010di st\u00e1tu?<\/strong><br \/>\n<strong> Jak\u00e1 je opravdov\u00e1 \u00faloha prezidenta republiky?<\/strong><\/p>\n<p><strong>TATO VOLBA PREZIDENTA 2018 A JEJ\u00cd V\u00ddSLEDEK \u00a0JE D\u00c1N M\u00cdROU SEBEUV\u011aDOM\u011aN\u00cd KA\u017dD\u00c9HO JEDINCE. A SPO\u010c\u00cdV\u00c1 V UDR\u017dEN\u00cd T\u00c9TO BD\u011aLOSTI O SOB\u011a A SV\u00c9 ODPOV\u011aDNOSTI NEJEN V DOB\u011a VOLEB.<\/strong><br \/>\n<strong> JE TO VOLBA ODPOV\u011aDNOSTI KE SV\u00c9MU \u017dIVOTU A TAK\u00c9 K \u017dIVOT\u016eM OSTATN\u00cdCH.\u00a0<\/strong><\/p>\n<p><strong>Volba te\u010f &#8211; je VOLBOU, JAK KA\u017dD\u00dd Z N\u00c1S UM\u00cd \u017d\u00cdT SOUCIT, ODVAHU A TAK\u00c9 MOUDROST. A JAK PRAKTICKY \u017dIJE VE SV\u00c9M \u017dIVOT\u011a, JAK TO CEL\u00c9 VN\u00c1\u0160\u00cd DO SV\u00ddCH VZTAH\u016e. ZDA P\u0158EJE OPRAVDU, I V \u010cINECH, VE SV\u00c9M PODNIK\u00c1N\u00cd, \u0160\u0164ASTN\u00dd A V\u011aDOM\u00dd \u017dIVOT V\u0160EM BYTOSTEM.\u00a0<\/strong><\/p>\n<p><strong>( A\u00a0t\u00edm nen\u00ed pro mne politika aktivit pana Babi\u0161e, na kter\u00e9ho PREZIDENT ZEMAN ji\u017e NESTA\u010c\u00cd a nech\u00e1v\u00e1 se j\u00edm ovliv\u0148ovat! )\u00a0<\/strong><\/p>\n<p><strong>JE TO CEL\u00c9 O N\u00c1S A O DAL\u0160\u00cdCH KROC\u00cdCH B\u00ddT AKTIVN\u00cd V NA\u0160ICH \u017dIVOTECH, A\u0164 U\u017d NA HRAD\u011a JE JAK\u00ddKOLI SYMBOL.<\/strong><\/p>\n<p>V T\u011aCHTO VOLB\u00c1CH SE V DRUH\u00c9M KOLE ROZHODUJI PRO\u00a0<strong>PANA DRAHO\u0160E<\/strong>.\u00a0PAN ZEMAN JAKO SYMBOL NAPLNIL JI\u017d SVOU \u00daLOHU, OPRAVDU PRO N\u00c1S UD\u011aLAL MAXIMUM.<br \/>\n<strong>VOL\u00cdM SYMBOL KLIDN\u00c9HO MU\u017dE V NADHLEDU, RESPEKTUJ\u00cdC\u00cdHO A P\u0158IJ\u00cdMAJ\u00cdC\u00cdHO POMOC T\u011aCH, KDO MU JI NAB\u00cdDLI.<\/strong><br \/>\n<strong> VOL\u00cdM ZM\u011aNU SYMBOLU.<\/strong><\/p>\n<p>VOL\u00cdM JAKO V\u011aDOM\u00c1 \u017dENA \u00a0SRDCEM A JEHO TLUKOTEM, KTER\u00dd C\u00cdT\u00cdM.<br \/>\nBEZPE\u010c\u00cd N\u00c1RODA JE PRO MNE TOTI\u017d V TLUKOUC\u00cdM SRDCI KA\u017dD\u00c9HO JEDINCE.<br \/>\nNe v jistot\u00e1ch, kter\u00e9 zd\u00e1nliv\u011b nab\u00edz\u00ed klid m\u00e9 hlav\u011b \u010di t\u011blu. TLUKOUC\u00cd SRDCE, kter\u00e9 st\u00e1le vn\u00edm\u00e1m i v riziku, \u017ee evoluce je\u0161t\u011b chce \u010das pro nov\u00fd symbol. \u201cJ\u00e1\u201d m\u00e1m jasno.<\/p>\n<p><strong>Sofie Kalyani<\/strong><br \/>\n<em>&#8220;V p\u0159\u00e1n\u00ed \u0160t\u011bst\u00ed v\u0161em Bytostem.&#8221;<\/em><\/p>\n","protected":false},"excerpt":{"rendered":"<p>Volba prezidenta 2018 &#8211; 2. kolo 23.1.2018 VOLBA, m\u016fj subjektivn\u00ed vhled jde z velk\u00e9 hloubky a odtud pramen\u00ed slova k zamy\u0161len\u00ed&#8230;(viz. i p\u0159edchoz\u00ed vhled z prvn\u00edho kola). VOL\u00cdM ODVAHU, NEBO STRACH? VOL\u00cdM ROVNOST, NEBO POK\u0158IVENOST? VOL\u00cdM NADHLED A KLID, NEBO STAV P\u0158E\u017dIT\u00cd? VOL\u00cdM ODPOV\u011aDNOST, NEBO \u201cA\u0164 SE O M\u011a N\u011aKDO POSTAR\u00c1&#8221;? N\u00e1rod, jeho\u017e prezidenta pr\u00e1v\u011b [&hellip;]<\/p>\n","protected":false},"author":5,"featured_media":0,"parent":11,"menu_order":0,"comment_status":"open","ping_status":"open","template":"","meta":{"footnotes":""},"_links":{"self":[{"href":"https:\/\/www.kalyani.cz\/index.php?rest_route=\/wp\/v2\/pages\/3938"}],"collection":[{"href":"https:\/\/www.kalyani.cz\/index.php?rest_route=\/wp\/v2\/pages"}],"about":[{"href":"https:\/\/www.kalyani.cz\/index.php?rest_route=\/wp\/v2\/types\/page"}],"author":[{"embeddable":true,"href":"https:\/\/www.kalyani.cz\/index.php?rest_route=\/wp\/v2\/users\/5"}],"replies":[{"embeddable":true,"href":"https:\/\/www.kalyani.cz\/index.php?rest_route=%2Fwp%2Fv2%2Fcomments&post=3938"}],"version-history":[{"count":5,"href":"https:\/\/www.kalyani.cz\/index.php?rest_route=\/wp\/v2\/pages\/3938\/revisions"}],"predecessor-version":[{"id":3944,"href":"https:\/\/www.kalyani.cz\/index.php?rest_route=\/wp\/v2\/pages\/3938\/revisions\/3944"}],"up":[{"embeddable":true,"href":"https:\/\/www.kalyani.cz\/index.php?rest_route=\/wp\/v2\/pages\/11"}],"wp:attachment":[{"href":"https:\/\/www.kalyani.cz\/index.php?rest_route=%2Fwp%2Fv2%2Fmedia&parent=3938"}],"curies":[{"name":"wp","href":"https:\/\/api.w.org\/{rel}","templated":true}]}}