{"id":4296,"date":"2019-01-20T13:02:53","date_gmt":"2019-01-20T13:02:53","guid":{"rendered":"http:\/\/www.kalyani.cz\/?page_id=4296"},"modified":"2019-01-25T11:44:13","modified_gmt":"2019-01-25T11:44:13","slug":"17-1-2019","status":"publish","type":"page","link":"https:\/\/www.kalyani.cz\/?page_id=4296","title":{"rendered":"17. 1. 2019"},"content":{"rendered":"\n<h2 class=\"wp-block-heading\" style=\"text-align:left\"><br><span style=\"color: #00ccff;\">17. 1. 1969 &#8211; 17. 1. 2019<\/span><br>Jan Palach &#8211; up\u00e1len\u00ed<br><\/h2>\n\n\n\n<p>A\u0165 lid\u00e9 mohou svobodn\u011b d\u00fdchat. &nbsp;Up\u00e1len\u00ed obrazy nev\u011bdomosti, chamtivosti, kter\u00e1 spaluje p\u0159irozenost&#8230; a\u0165 roz\u017eehneme a projev\u00edme vnit\u0159n\u00ed ohe\u0148.&nbsp;<br>V t\u00e9 dob\u011b jsem byla v d\u011bloze&#8230; a p\u0159ich\u00e1zela s t\u00edmto poselstv\u00edm:<br><em>\u201cNe ob\u011bti, ne ob\u011bti t\u011bla, ne ob\u011bti \u017divota&#8230;&nbsp;<br>Ob\u011btujme nev\u011bdomost&#8230; roz\u017eehn\u011bme vnit\u0159n\u00ed Moudrost, stav Pozn\u00e1n\u00ed. A\u0165 vnit\u0159n\u00ed jiskra &#8211; projeven\u00e1, je t\u00edm, co spaluje nev\u011bdomost. Pro skute\u010dn\u00fd stav Pozn\u00e1n\u00ed v\u0161ech Bytost\u00ed.\u201c<\/em>&nbsp;<br><br><strong>Sofie Kalyani<\/strong><\/p>\n\n\n\n<p style=\"text-align:center\"><a href=\"https:\/\/youtu.be\/3KNJZGXVAlI\"><span style=\"color: #00ccff;\"><strong>Video: Jan Palach a jeho rozhovor s doktorkou v nemocnici po up\u00e1len\u00ed<\/strong><\/span><\/a><strong><br><\/strong><br><\/p>\n\n\n\n<hr class=\"wp-block-separator\"\/>\n\n\n\n<p style=\"color:#00ccff\" class=\"has-text-color\"><strong>Vhled od Darji:<\/strong><\/p>\n\n\n\n<p>Milovan\u00e1 Sofie,<br>d\u011bkuji tak velice je\u0161t\u011b jednou k zaslan\u00fdm Tv\u00fdm slov\u016fm ke sp\u00e1len\u00ed nev\u011bdomosti&#8230;k up\u00e1len\u00ed Jana Palacha&#8230;.. k Tv\u00e9 zpr\u00e1v\u011b, kdy\u017e jsi p\u0159ich\u00e1zela sem&#8230; Ka\u017ed\u00fd den to st\u00e1le c\u00edt\u00edm a zn\u00ed ve mn\u011b&#8230;p\u0159ipom\u00edn\u00e1m si a n\u011bjak MUS\u00cdM P\u0158IPOM\u00cdNAT. P\u0159ed chv\u00edl\u00ed se mi v srdci objevila bolest, za\u010daly t\u00e9ct slzy a zn\u011bla jen ot\u00e1zka &#8211; co m\u016f\u017eu ud\u011blat, aby nepokra\u010dovalo tohle fyzick\u00e9 sebeob\u011btov\u00e1n\u00ed?, a p\u0159itom v\u00edm, \u017ee j\u00e1 nezn\u00e1m pl\u00e1n, nevid\u00edm Za a nic se ned\u011bje bez v\u011bdom\u00ed Pr\u00e1zdna&#8230;.\u017ee na to kouk\u00e1m asi jen z mysli, ale p\u0159esto&#8230;bol\u00ed to. Partner se m\u011b pt\u00e1, co se d\u011bje, tak pov\u00edd\u00e1m o t\u00e9 situaci tehdy, co se d\u011blo a googl\u00edm anglicky n\u011bjak\u00e9 informace o J. Palachovi&#8230;..narozen 11.srpna 1948, p\u0159esn\u011b 37 let p\u0159ede mnou.\u00a0Nikdy jsem k t\u00e9to situaci nec\u00edtila p\u0159\u00edli\u0161 spojen\u00ed, nec\u00edtila ji, nev\u011bd\u011bla. Letos je to jin\u00e9&#8230;..c\u00edt\u00edm vd\u011b\u010dnost za Tv\u00e1 poslan\u00e1 Slova, nebo\u0165 je n\u011bco jinak a mn\u011b pom\u00e1h\u00e1 si \u201cp\u0159episovat\u201d t\u00edm Proz\u00e1\u0159en\u00edm Za&#8230;.\u00a0<br>C\u00edt\u00edm to jako obrovskou pomoc&#8230;&#8230;pomoc za vnit\u0159n\u00edm klidem a mo\u017enosti k NEsebeob\u011btov\u00e1n\u00ed&#8230;ale kon\u00e1n\u00ed ze Za&#8230;. Mo\u017enosti pohledu ne z trp\u011bn\u00ed, ale Z L\u00e1sky.<br>Prost\u011b mo\u017enost&#8230;..\u0161anci (n)a prom\u011bnu.<br>Zn\u00ed Slova &#8220;ne ob\u011bti, ale p\u00e1len\u00ed nev\u011bdomosti&#8221;&#8230;. P\u0159id\u00e1v\u00e1 se pro\u017eitek, kdy jsem mluvila s Tebou o sp\u00e1len\u00ed vnit\u0159n\u00edch pocit\u016f&#8230;.a ty jsi mi \u0159ekla (m\u00fdmi slovy) &#8211; &#8220;co kdybys m\u00edsto p\u00e1len\u00ed to za\u010dala vn\u00edmat a c\u00edtit jako V\u00fd\u017eivu?&#8221;.<br>Tak te\u010f spojuji in-formace v Sob\u011b&#8230;..nech\u00e1v\u00e1m se Vy\u017eivovat do nov\u00e9ho vn\u00edm\u00e1n\u00ed..otev\u00edr\u00e1m se tomu, vid\u011bt jinak&#8230;.<br><br>D\u011bkuji Sofie\u00a0<br><br>D\u011bkuji za v\u0161e, co p\u0159in\u00e1\u0161\u00ed\u0161 a jsem \u0160\u0165astn\u00e1, \u017ee mohu sly\u0161et, \u010d\u00edst, b\u00fdt ve spojen\u00ed&#8230;. P\u0159eji Ti \u0160t\u011bst\u00ed, p\u0159eji zdrav\u00ed Tv\u00fdm bu\u0148k\u00e1m, d\u011bkuji za V\u0161e.<br><br>P\u0159eji \u0160t\u011bst\u00ed, Svobodu, klid a M\u00edr v\u0161em Bytostem.<br><br>Darja Jan\u00ed\u010dkov\u00e1<br><br>www.lektorum.cz<\/p>\n\n\n\n<p><br><\/p>\n","protected":false},"excerpt":{"rendered":"<p>17. 1. 1969 &#8211; 17. 1. 2019Jan Palach &#8211; up\u00e1len\u00ed A\u0165 lid\u00e9 mohou svobodn\u011b d\u00fdchat. &nbsp;Up\u00e1len\u00ed obrazy nev\u011bdomosti, chamtivosti, kter\u00e1 spaluje p\u0159irozenost&#8230; a\u0165 roz\u017eehneme a projev\u00edme vnit\u0159n\u00ed ohe\u0148.&nbsp;V t\u00e9 dob\u011b jsem byla v d\u011bloze&#8230; a p\u0159ich\u00e1zela s t\u00edmto poselstv\u00edm:\u201cNe ob\u011bti, ne ob\u011bti t\u011bla, ne ob\u011bti \u017divota&#8230;&nbsp;Ob\u011btujme nev\u011bdomost&#8230; roz\u017eehn\u011bme vnit\u0159n\u00ed Moudrost, stav Pozn\u00e1n\u00ed. A\u0165 vnit\u0159n\u00ed jiskra [&hellip;]<\/p>\n","protected":false},"author":5,"featured_media":0,"parent":11,"menu_order":0,"comment_status":"open","ping_status":"closed","template":"","meta":{"footnotes":""},"_links":{"self":[{"href":"https:\/\/www.kalyani.cz\/index.php?rest_route=\/wp\/v2\/pages\/4296"}],"collection":[{"href":"https:\/\/www.kalyani.cz\/index.php?rest_route=\/wp\/v2\/pages"}],"about":[{"href":"https:\/\/www.kalyani.cz\/index.php?rest_route=\/wp\/v2\/types\/page"}],"author":[{"embeddable":true,"href":"https:\/\/www.kalyani.cz\/index.php?rest_route=\/wp\/v2\/users\/5"}],"replies":[{"embeddable":true,"href":"https:\/\/www.kalyani.cz\/index.php?rest_route=%2Fwp%2Fv2%2Fcomments&post=4296"}],"version-history":[{"count":12,"href":"https:\/\/www.kalyani.cz\/index.php?rest_route=\/wp\/v2\/pages\/4296\/revisions"}],"predecessor-version":[{"id":4316,"href":"https:\/\/www.kalyani.cz\/index.php?rest_route=\/wp\/v2\/pages\/4296\/revisions\/4316"}],"up":[{"embeddable":true,"href":"https:\/\/www.kalyani.cz\/index.php?rest_route=\/wp\/v2\/pages\/11"}],"wp:attachment":[{"href":"https:\/\/www.kalyani.cz\/index.php?rest_route=%2Fwp%2Fv2%2Fmedia&parent=4296"}],"curies":[{"name":"wp","href":"https:\/\/api.w.org\/{rel}","templated":true}]}}