{"id":4434,"date":"2019-05-02T12:19:53","date_gmt":"2019-05-02T12:19:53","guid":{"rendered":"http:\/\/www.kalyani.cz\/?page_id=4434"},"modified":"2020-03-28T17:39:24","modified_gmt":"2020-03-28T17:39:24","slug":"17-1-2019-2-2","status":"publish","type":"page","link":"https:\/\/www.kalyani.cz\/?page_id=4434","title":{"rendered":"2. 5. 2019"},"content":{"rendered":"\n<h2 class=\"wp-block-heading\" style=\"text-align:left\"><br><span style=\"color: #00ccff;\">Vhled Sofie Kalyani k ODPOV\u011aDNOSTI k LIDSTV\u00cd<\/span><\/h2>\n\n\n\n<p>Vhled Sofie Kalyani k ODPOV\u011aDNOSTI k LIDSTV\u00cd<br><\/p>\n\n\n\n<p><\/p>\n\n\n\n<p>P\u0159\u00e1tel\u00e9,<\/p>\n\n\n\n<p>Ano, \u201cnejsme d\u011bti\u201d ve sv\u00e9 odpov\u011bdnosti. \u201cNejsme d\u011bti\u201d ve sv\u00e9 Podstat\u011b. Kdy\u017e Je\u017e\u00ed\u0161 mluvil slova: \u201cNevstoup\u00edte do kr\u00e1lovstv\u00ed Bo\u017e\u00edho, ne\u017e jako d\u011bti&#8230;\u201d nem\u00ednil t\u00edm ani infantilitu, ani slepotu, ani ustra\u0161enost, ani \u201cn\u011bkdo to za m\u011b ud\u011bl\u00e1, n\u011bkdo to za m\u011b za\u0159\u00edd\u00ed, n\u011bkdo to za m\u011b rozhodne, n\u011bkdo to za m\u011b&#8230;\u201d&nbsp;<br>Nikdo nic za nikoho neud\u011bl\u00e1!<br>Ka\u017ed\u00fd m\u00e1 sv\u016fj \u017divot ve sv\u00e9m Srdci i ruk\u00e1ch. Dokonce i v hlase, v noh\u00e1ch&#8230;&nbsp;<br>A ZVYK B\u00ddT V SOCIALISTICKO-KOMUNISTICK\u00c9M NASTAVEN\u00cd ST\u00c1LE P\u0158ETRV\u00c1V\u00c1. JE TO ZVYK!&nbsp;<br>A zvyk je jako ve\u0161. Nen\u00ed vid\u011bt, ale nad\u011bl\u00e1 opravdu hodn\u011b nep\u0159\u00edjemnost\u00ed. A nav\u00edc se nekontrolovan\u011b \u0161\u00ed\u0159\u00ed, kdy\u017e se s n\u00ed nic ned\u011bl\u00e1.&nbsp;<br>\u0158e\u0161en\u00edm je, \u017ee ten zvyk \u201cn\u011bkdo se postar\u00e1\u201d, kter\u00fd m\u00e1me v mysli, jsme s n\u00edm spojeni, uvid\u00edme.<br>Proto\u017ee t\u00edm jsme slab\u00ed, v roli ob\u011bti.<br><\/p>\n\n\n\n<p>M\u016f\u017eeme mnoho. Spojen\u00ed s Podstatou lidstv\u00ed d\u00e1v\u00e1 s\u00edlu. D\u00e1v\u00e1 pohyb. D\u00e1v\u00e1 volbu, vliv a mo\u017enosti.<\/p>\n\n\n\n<p>Nejsem politi\u010dka. Nejsem u\u010dena v diplomacii. Ani nerozum\u00edm sou\u010dasn\u00e9 podob\u011b a obsahu slova demokracie.<br>Mo\u017en\u00e1 proto se jmenujeme \u010cESK\u00c1 REPUBLIKA. \u010cESKO.<br>Nejsme ani socialisti\u010dt\u00ed, ani liber\u00e1ln\u00ed, ani kapitalisti\u010dt\u00ed, ani demokrati\u010dt\u00ed&#8230;&nbsp;<br>\u017dIJEME V DOB\u011a, KTEROU JSEM NAZVALA \u201cILUZIONISMUS.\u201d<\/p>\n\n\n\n<p>Ale i v tom se d\u00e1 h\u00fdbat a projevovat n\u00e1zor. Ne tvo\u0159it st\u00e1do, ale projevit n\u00e1zor. Pohyb, kter\u00e9mu v\u011b\u0159\u00edme.<br>A to, jak se struktury nemocn\u00fdch mocn\u00fdch chovaj\u00ed k Zemi, k lidem, k celospole\u010densk\u00fdm t\u00e9mat\u016fm&#8230; je zrcadlem: \u201con to n\u011bkdo za\u0159\u00edd\u00ed.\u201d<br>Jenom\u017ee ono se to spojuje s: \u201cnech\u00e1v\u00e1m se zneu\u017e\u00edt.\u201d&nbsp;<br>A to u\u017e nezn\u00ed tak bezpe\u010dn\u011b, \u017ee?&nbsp;<br>A jsme to my, kdo to dovol\u00ed.&nbsp;<br>Kdo to umo\u017e\u0148uje.&nbsp;<\/p>\n\n\n\n<p>Tak se h\u00fdbejme v \u010dist\u00e9m sv\u011bdom\u00ed, \u017ee nenech\u00e1me zneu\u017e\u00edt sebe, sv\u00e9 d\u011bti, p\u0159\u00edrodu, Zemi.&nbsp;<br>Spojujme se, ne v boji, ale v p\u0159izn\u00e1n\u00ed, \u017ee po dob\u011b komunismu p\u0159\u00edli\u0161 d\u016fv\u011b\u0159ujeme a dovolujeme to my. Jsme to my, kdo se nechaj\u00ed zneu\u017e\u00edvat.&nbsp;<\/p>\n\n\n\n<p>Spojujme se a zp\u00edvejme!!!&nbsp;<br>Zp\u00edvejme t\u0159eba hymnu! T\u0159eba i jej\u00ed druhou sloku! Zp\u00edvejme!!!&nbsp;<\/p>\n\n\n\n<p><strong>Sofie K. Sarras&nbsp;<br>(Narozena v roce 1969)&nbsp;<\/strong><\/p>\n\n\n\n<p><\/p>\n\n\n\n<hr class=\"wp-block-separator is-style-wide\"\/>\n\n\n\n<hr class=\"wp-block-separator is-style-wide\"\/>\n\n\n\n<div class=\"wp-block-image\"><figure class=\"aligncenter\"><img decoding=\"async\" loading=\"lazy\" width=\"1024\" height=\"93\" src=\"http:\/\/www.kalyani.cz\/wp-content\/uploads\/2019\/05\/Milion-chvilek-pro-demokracii-1024x93.png\" alt=\"\" class=\"wp-image-4435\" srcset=\"https:\/\/www.kalyani.cz\/wp-content\/uploads\/2019\/05\/Milion-chvilek-pro-demokracii-1024x93.png 1024w, https:\/\/www.kalyani.cz\/wp-content\/uploads\/2019\/05\/Milion-chvilek-pro-demokracii-300x27.png 300w, https:\/\/www.kalyani.cz\/wp-content\/uploads\/2019\/05\/Milion-chvilek-pro-demokracii-768x70.png 768w, https:\/\/www.kalyani.cz\/wp-content\/uploads\/2019\/05\/Milion-chvilek-pro-demokracii.png 1036w\" sizes=\"(max-width: 1024px) 100vw, 1024px\" \/><\/figure><\/div>\n\n\n\n<div class=\"wp-block-image\"><figure class=\"aligncenter\"><img decoding=\"async\" loading=\"lazy\" width=\"1024\" height=\"17\" src=\"http:\/\/www.kalyani.cz\/wp-content\/uploads\/2019\/05\/linka-1024x17.png\" alt=\"\" class=\"wp-image-4437\" srcset=\"https:\/\/www.kalyani.cz\/wp-content\/uploads\/2019\/05\/linka-1024x17.png 1024w, https:\/\/www.kalyani.cz\/wp-content\/uploads\/2019\/05\/linka-300x5.png 300w, https:\/\/www.kalyani.cz\/wp-content\/uploads\/2019\/05\/linka-768x13.png 768w, https:\/\/www.kalyani.cz\/wp-content\/uploads\/2019\/05\/linka.png 1400w\" sizes=\"(max-width: 1024px) 100vw, 1024px\" \/><\/figure><\/div>\n\n\n\n<p>E-mail ze dne 2.5.2019: <strong>Nejsme d\u011bti. Jdeme znovu!<\/strong><br>(<a href=\"https:\/\/www.milionchvilek.cz\/\" style=\"color: rgb(0,205,255)\">www.milionchvilek.cz<\/a>)<\/p>\n\n\n\n<p>Jdeme protestovat znovu. Nejsme slep\u00ed!<\/p>\n\n\n\n<p>Mil\u00ed milionov\u00ed p\u0159\u00e1tel\u00e9!<br><br><strong>V pond\u011bl\u00ed 29. dubna prob\u011bhly protesty na podporu nez\u00e1vislosti justice ve&nbsp;<a rel=\"noreferrer noopener\" href=\"https:\/\/milionchvilek.t.mailkit.eu\/mc\/CWQLVLPI\/WQXREFHJPHHRRDMATA\/UEMVVEWMLP\" style=\"color: rgb(0,205,255)\" target=\"_blank\">105 obc\u00edch po cel\u00e9 \u010cR<\/a>! To je obrovsk\u00fd \u00fasp\u011bch.<\/strong>&nbsp;D\u011bkujeme v\u0161em m\u00edstn\u00ed organiz\u00e1tor\u016fm za jejich ochotu a ob\u011btavost. D\u011bkujeme v\u0161em \u00fa\u010dastn\u00edk\u016fm, \u017ee se chopili sv\u00e9 ob\u010dansk\u00e9 role a p\u0159i\u0161li protestovat i v de\u0161tiv\u00e9m po\u010das\u00ed. V Praze n\u00e1s bylo&nbsp;<a rel=\"noreferrer noopener\" href=\"https:\/\/milionchvilek.t.mailkit.eu\/mc\/CWQLVPLC\/PWNXZWOGCPSVWFSKXK\/UEMVVEWMLP\" style=\"color: rgb(0,205,255)\" target=\"_blank\">asi 15 000<\/a>. Vyslali jsme premi\u00e9rovi d\u016frazn\u00fd vzkaz. Nic v\u0161ak nekon\u010d\u00ed. Pr\u00e1v\u011b naopak.<br><br><strong>Na\u0161e po\u017eadavky zn\u00ed:<\/strong><br><strong>1) Nez\u00e1visl\u00fd ministr spravedlnosti &#8211; nikoli Marie Bene\u0161ov\u00e1,<\/strong>&nbsp;kter\u00e1 ji\u017e dva roky otev\u0159en\u011b stran\u00ed premi\u00e9rovi ve v\u011bci jeho trestn\u00edho st\u00edh\u00e1n\u00ed.<br><strong>2) Dokud se Andrej Babi\u0161 neo\u010dist\u00ed p\u0159ed soudem,<\/strong>&nbsp;nesm\u00ed doch\u00e1zet ke zm\u011bn\u00e1m na Vrchn\u00edm a Nejvy\u0161\u0161\u00edm st\u00e1tn\u00edm zastupitelstv\u00ed.&nbsp;<\/p>\n\n\n\n<p><strong>Vzhledem k tomu, \u017ee 30. dubna byla Marie Bene\u0161ov\u00e1 jmenov\u00e1na ministryn\u00ed a \u017ee na adresu protest\u016f uvedla:<\/strong><em>\u201eV\u010dera jsem vid\u011bla na n\u00e1m\u011bst\u00ed mlad\u00e9 lidi a trouf\u00e1m si odhadnout, \u017ee kolikr\u00e1t ani nerozeznaj\u00ed rozd\u00edl mezi st\u00e1tn\u00edm z\u00e1stupcem a soudcem.\u201c<\/em>&nbsp;\u2013&nbsp;<strong>zapln\u00edme v pond\u011bl\u00ed 6. 5. v 18:30 op\u011bt Starom\u00e1k.<\/strong><br><br><strong>\u017d\u00e1d\u00e1me v\u0161echny \u00fa\u010dastn\u00edky, aby s sebou tentokr\u00e1t vzali T\u0158I DAL\u0160\u00cd LIDI<\/strong>. Uka\u017eme, \u017ee to mysl\u00edme v\u00e1\u017en\u011b. Uka\u017eme Babi\u0161ovi, \u017ee nejsme slep\u00ed. Vzka\u017eme Bene\u0161ov\u00e9, \u017ee&nbsp;<strong><a rel=\"noreferrer noopener\" href=\"https:\/\/milionchvilek.t.mailkit.eu\/mc\/CWQLVLIV\/STJNGNCUEBYVBMIEFZ\/UEMVVEWMLP\" style=\"color: rgb(0,205,255)\" target=\"_blank\">nejsme d\u011bti<\/a>!<\/strong><\/p>\n\n\n\n<div class=\"wp-block-button aligncenter\"><a class=\"wp-block-button__link has-background\" href=\"https:\/\/www.facebook.com\/events\/294760081445347\/\" style=\"background-color:#00cdff\">FB Ud\u00e1lost<\/a><\/div>\n\n\n\n<p><br><strong>Vypad\u00e1 to, \u017ee se schyluje ke skute\u010dn\u011b velk\u00fdm protest\u016fm.<\/strong>&nbsp;V Praze vystoup\u00ed na p\u00f3diu vedle&nbsp;<strong>Radkina Honz\u00e1ka<\/strong>tentokr\u00e1t i poslanci a sen\u00e1to\u0159i. Budeme cht\u00edt sly\u0161et, co budou v t\u00e9to situaci d\u011blat. Pokud na\u0161e po\u017eadavky nebudou spln\u011bny, uskute\u010dn\u00ed se 13. kv\u011btna dal\u0161\u00ed vlna protest\u016f v regionech. Ka\u017ed\u00fd t\u00fdden v Praze, jednou za dva t\u00fddny po cel\u00e9 republice.&nbsp;<\/p>\n\n\n\n<p><strong>Situace je v\u00e1\u017en\u00e1 a \u017e\u00e1d\u00e1 si na\u0161i reakci. My do toho jdeme. Jdete do toho s n\u00e1mi?<\/strong>&nbsp;Osud dal\u0161\u00edch protest\u016f z\u00e1le\u017e\u00ed na n\u00e1s v\u0161ech. Bez Va\u0161\u00ed podpory nezm\u016f\u017eeme nic. Spole\u010dn\u011b v\u0161ak m\u016f\u017eeme dok\u00e1zat obrovsk\u00e9 v\u011bci. Aby na opakovan\u00fd protest dorazilo v\u00edce lid\u00ed \u2013 to u\u017e se nikomu dlouho nepoda\u0159ilo. Pokud se n\u00e1m to te\u010f poda\u0159\u00ed, bude to sign\u00e1l, kter\u00fd nep\u016fjde ignorovat. Proto\u017ee&nbsp;<strong>kdov\u00ed, co bude pokra\u010dovat d\u00e1l&#8230;<\/strong><\/p>\n\n\n\n<p><strong>Pomozte n\u00e1m!<\/strong><br><strong>1) P\u0159ij\u010fte v pond\u011bl\u00ed<\/strong>&nbsp;a vezm\u011bte s sebou&nbsp;<strong>t\u0159i dal\u0161\u00ed lidi.<\/strong><br><strong>2) Pozv\u011bte p\u0159\u00e1tele<\/strong>&nbsp;na&nbsp;<a rel=\"noreferrer noopener\" href=\"https:\/\/milionchvilek.t.mailkit.eu\/mc\/CWQLVPEU\/PYXGWGRKDCROPUVYMZ\/UEMVVEWMLP\" style=\"color: rgb(0,205,255)\" target=\"_blank\">ud\u00e1lost<\/a>, mailem \u010di osobn\u011b.<br><strong>3)&nbsp;<a rel=\"noreferrer noopener\" href=\"https:\/\/milionchvilek.t.mailkit.eu\/mc\/CWQLVLIV\/DWAMAJULMDEFROROZR\/UEMVVEWMLP\" style=\"color: rgb(0,205,255)\" target=\"_blank\">Tiskn\u011bte a rozd\u00e1vejte let\u00e1k<\/a><\/strong>&nbsp;hlava nehlava.<br>+ P\u0159ipn\u011bte si na\u0161i placku na klopu.<\/p>\n\n\n\n<p><strong>Mil\u00ed p\u0159\u00e1tel\u00e9, jde o hodn\u011b. Jdete do toho s n\u00e1mi?<\/strong><\/p>\n\n\n\n<p>Mikul\u00e1\u0161 Min\u00e1\u0159<br>Milion chvilek pro demokracii<\/p>\n","protected":false},"excerpt":{"rendered":"<p>Vhled Sofie Kalyani k ODPOV\u011aDNOSTI k LIDSTV\u00cd Vhled Sofie Kalyani k ODPOV\u011aDNOSTI k LIDSTV\u00cd P\u0159\u00e1tel\u00e9, Ano, \u201cnejsme d\u011bti\u201d ve sv\u00e9 odpov\u011bdnosti. \u201cNejsme d\u011bti\u201d ve sv\u00e9 Podstat\u011b. Kdy\u017e Je\u017e\u00ed\u0161 mluvil slova: \u201cNevstoup\u00edte do kr\u00e1lovstv\u00ed Bo\u017e\u00edho, ne\u017e jako d\u011bti&#8230;\u201d nem\u00ednil t\u00edm ani infantilitu, ani slepotu, ani ustra\u0161enost, ani \u201cn\u011bkdo to za m\u011b ud\u011bl\u00e1, n\u011bkdo to za m\u011b [&hellip;]<\/p>\n","protected":false},"author":5,"featured_media":0,"parent":11,"menu_order":0,"comment_status":"open","ping_status":"closed","template":"template_fullwidth.php","meta":{"footnotes":""},"_links":{"self":[{"href":"https:\/\/www.kalyani.cz\/index.php?rest_route=\/wp\/v2\/pages\/4434"}],"collection":[{"href":"https:\/\/www.kalyani.cz\/index.php?rest_route=\/wp\/v2\/pages"}],"about":[{"href":"https:\/\/www.kalyani.cz\/index.php?rest_route=\/wp\/v2\/types\/page"}],"author":[{"embeddable":true,"href":"https:\/\/www.kalyani.cz\/index.php?rest_route=\/wp\/v2\/users\/5"}],"replies":[{"embeddable":true,"href":"https:\/\/www.kalyani.cz\/index.php?rest_route=%2Fwp%2Fv2%2Fcomments&post=4434"}],"version-history":[{"count":6,"href":"https:\/\/www.kalyani.cz\/index.php?rest_route=\/wp\/v2\/pages\/4434\/revisions"}],"predecessor-version":[{"id":4447,"href":"https:\/\/www.kalyani.cz\/index.php?rest_route=\/wp\/v2\/pages\/4434\/revisions\/4447"}],"up":[{"embeddable":true,"href":"https:\/\/www.kalyani.cz\/index.php?rest_route=\/wp\/v2\/pages\/11"}],"wp:attachment":[{"href":"https:\/\/www.kalyani.cz\/index.php?rest_route=%2Fwp%2Fv2%2Fmedia&parent=4434"}],"curies":[{"name":"wp","href":"https:\/\/api.w.org\/{rel}","templated":true}]}}